{"id":7560,"date":"2024-02-12T11:46:08","date_gmt":"2024-02-12T11:46:08","guid":{"rendered":"https:\/\/www.btcsugardating.com\/werke\/"},"modified":"2025-06-11T02:48:16","modified_gmt":"2025-06-11T02:48:16","slug":"werke","status":"publish","type":"page","link":"https:\/\/www.btcsugardating.com\/de\/werke\/","title":{"rendered":"Werke"},"content":{"rendered":"\t\t<div data-elementor-type=\"wp-page\" data-elementor-id=\"7560\" class=\"elementor elementor-7560 elementor-604\">\n\t\t\t\t<div class=\"elementor-element elementor-element-e3d2a71 e-flex e-con-boxed e-con e-parent\" data-id=\"e3d2a71\" data-element_type=\"container\" data-settings=\"{&quot;background_background&quot;:&quot;classic&quot;}\">\n\t\t\t\t\t<div class=\"e-con-inner\">\n\t\t<div class=\"elementor-element elementor-element-5037efd e-con-full e-flex e-con e-child\" data-id=\"5037efd\" data-element_type=\"container\">\n\t\t\t\t<div class=\"elementor-element elementor-element-22860d4 owp-p-shape dark no-margin elementor-widget__width-auto elementor-widget elementor-widget-heading\" data-id=\"22860d4\" data-element_type=\"widget\" data-widget_type=\"heading.default\">\n\t\t\t\t<div class=\"elementor-widget-container\">\n\t\t\t\t\t<p class=\"elementor-heading-title elementor-size-default\">Entdecken Sie neue Erfahrungen<\/p>\t\t\t\t<\/div>\n\t\t\t\t<\/div>\n\t\t\t\t<div class=\"elementor-element elementor-element-382816e elementor-widget elementor-widget-heading\" data-id=\"382816e\" data-element_type=\"widget\" data-widget_type=\"heading.default\">\n\t\t\t\t<div class=\"elementor-widget-container\">\n\t\t\t\t\t<h1 class=\"elementor-heading-title elementor-size-default\">Wie es funktioniert\n<\/h1>\t\t\t\t<\/div>\n\t\t\t\t<\/div>\n\t\t\t\t<div class=\"elementor-element elementor-element-ee88706 elementor-widget elementor-widget-heading\" data-id=\"ee88706\" data-element_type=\"widget\" data-widget_type=\"heading.default\">\n\t\t\t\t<div class=\"elementor-widget-container\">\n\t\t\t\t\t<p class=\"elementor-heading-title elementor-size-default\">BTC Sugar Dating ist das erste exklusive Netzwerk, das versierte Fachleute und angesehene Pers\u00f6nlichkeiten verbindet. Die Mitgliedschaft ist zwar kostenlos, aber Ihre Erfahrung wird durch das bestimmt, was Sie in diese Elite-Community einbringen: F\u00fcr diejenigen, die au\u00dfergew\u00f6hnliche Beziehungen suchen, geht der wahre Wert \u00fcber finanzielle Erfolge hinaus. Wir legen Wert auf die Pflege von bedeutungsvollen Beziehungen, die auf gemeinsamen Erfolgen und gegenseitigem Wachstum basieren. Unsere angesehenen Mitglieder wissen, dass ein au\u00dfergew\u00f6hnlicher Lebensstil nur dann m\u00f6glich ist, wenn man die h\u00f6chsten Qualit\u00e4tsstandards einh\u00e4lt. Beginnen Sie Ihre Reise mit BTC Sugar Dating - Where Excellence Meets Opportunity   \n\n<\/p>\t\t\t\t<\/div>\n\t\t\t\t<\/div>\n\t\t\t\t<div class=\"elementor-element elementor-element-6ea6fae elementor-align-center elementor-widget elementor-widget-button\" data-id=\"6ea6fae\" data-element_type=\"widget\" data-widget_type=\"button.default\">\n\t\t\t\t<div class=\"elementor-widget-container\">\n\t\t\t\t\t\t\t\t\t<div class=\"elementor-button-wrapper\">\n\t\t\t\t\t<a class=\"elementor-button elementor-button-link elementor-size-sm elementor-animation-float\" href=\"https:\/\/m.btcsugardating.com\/#\/\">\n\t\t\t\t\t\t<span class=\"elementor-button-content-wrapper\">\n\t\t\t\t\t\t\t\t\t<span class=\"elementor-button-text\">JETZT ANMELDEN<\/span>\n\t\t\t\t\t<\/span>\n\t\t\t\t\t<\/a>\n\t\t\t\t<\/div>\n\t\t\t\t\t\t\t\t<\/div>\n\t\t\t\t<\/div>\n\t\t\t\t<\/div>\n\t\t\t\t\t<\/div>\n\t\t\t\t<\/div>\n\t\t<div class=\"elementor-element elementor-element-e50a34d e-flex e-con-boxed e-con e-parent\" data-id=\"e50a34d\" data-element_type=\"container\" data-settings=\"{&quot;background_background&quot;:&quot;classic&quot;}\">\n\t\t\t\t\t<div class=\"e-con-inner\">\n\t\t<div class=\"elementor-element elementor-element-a7016e4 e-con-full e-flex e-con e-child\" data-id=\"a7016e4\" data-element_type=\"container\">\n\t\t\t\t<div class=\"elementor-element elementor-element-1276d0a elementor-widget__width-initial elementor-widget elementor-widget-heading\" data-id=\"1276d0a\" data-element_type=\"widget\" data-widget_type=\"heading.default\">\n\t\t\t\t<div class=\"elementor-widget-container\">\n\t\t\t\t\t<h2 class=\"elementor-heading-title elementor-size-default\">EINSTIEG IN BTC SUGAR DATING<\/h2>\t\t\t\t<\/div>\n\t\t\t\t<\/div>\n\t\t<div class=\"elementor-element elementor-element-040ef3b e-con-full e-flex e-con e-child\" data-id=\"040ef3b\" data-element_type=\"container\">\n\t\t\t\t<div class=\"elementor-element elementor-element-f66e644 elementor-widget elementor-widget-heading\" data-id=\"f66e644\" data-element_type=\"widget\" data-widget_type=\"heading.default\">\n\t\t\t\t<div class=\"elementor-widget-container\">\n\t\t\t\t\t<h3 class=\"elementor-heading-title elementor-size-default\">1) Gestalten Sie Ihre authentische Geschichte<\/h3>\t\t\t\t<\/div>\n\t\t\t\t<\/div>\n\t\t\t\t<div class=\"elementor-element elementor-element-c5ea548 elementor-widget elementor-widget-heading\" data-id=\"c5ea548\" data-element_type=\"widget\" data-widget_type=\"heading.default\">\n\t\t\t\t<div class=\"elementor-widget-container\">\n\t\t\t\t\t<p class=\"elementor-heading-title elementor-size-default\">Exzellenz zieht Exzellenz an. Erstellen Sie ein Profil, das Ihre Errungenschaften, Ihre Ziele und das, was Sie an bedeutungsvollen Verbindungen suchen, wirklich widerspiegelt. Ein umfassendes Profil, das Ihre einzigartigen Qualit\u00e4ten und Erwartungen hervorhebt, wird Gleichgesinnte anziehen, die Ihre Vision vom Erfolg teilen.  <\/p>\t\t\t\t<\/div>\n\t\t\t\t<\/div>\n\t\t\t\t<div class=\"elementor-element elementor-element-4e09cbd elementor-widget elementor-widget-heading\" data-id=\"4e09cbd\" data-element_type=\"widget\" data-widget_type=\"heading.default\">\n\t\t\t\t<div class=\"elementor-widget-container\">\n\t\t\t\t\t<h3 class=\"elementor-heading-title elementor-size-default\">2) Pr\u00e4sentieren Sie Ihren Lebensstil<\/h3>\t\t\t\t<\/div>\n\t\t\t\t<\/div>\n\t\t\t\t<div class=\"elementor-element elementor-element-f53e093 elementor-widget elementor-widget-heading\" data-id=\"f53e093\" data-element_type=\"widget\" data-widget_type=\"heading.default\">\n\t\t\t\t<div class=\"elementor-widget-container\">\n\t\t\t\t\t<p class=\"elementor-heading-title elementor-size-default\">Ihre Pr\u00e4senz verdient es, durch sorgf\u00e4ltig ausgew\u00e4hlte Bilder repr\u00e4sentiert zu werden. Beginnen Sie mit einem aktuellen, klaren Portr\u00e4t, das Vertrauen und Authentizit\u00e4t verk\u00f6rpert. Erg\u00e4nzen Sie Ihr Profil mit ausgew\u00e4hlten Fotos, die Ihren kultivierten Lebensstil einfangen - von internationalen Reisen bis hin zu prestigetr\u00e4chtigen Veranstaltungen sollte jedes Bild die Raffinesse widerspiegeln, die Sie ausmacht.  <\/p>\t\t\t\t<\/div>\n\t\t\t\t<\/div>\n\t\t\t\t<div class=\"elementor-element elementor-element-ca8d374 elementor-widget elementor-widget-heading\" data-id=\"ca8d374\" data-element_type=\"widget\" data-widget_type=\"heading.default\">\n\t\t\t\t<div class=\"elementor-widget-container\">\n\t\t\t\t\t<h3 class=\"elementor-heading-title elementor-size-default\">3) Beginnen Sie Ihre Reise<\/h3>\t\t\t\t<\/div>\n\t\t\t\t<\/div>\n\t\t\t\t<div class=\"elementor-element elementor-element-c95ecfe elementor-widget elementor-widget-heading\" data-id=\"c95ecfe\" data-element_type=\"widget\" data-widget_type=\"heading.default\">\n\t\t\t\t<div class=\"elementor-widget-container\">\n\t\t\t\t\t<p class=\"elementor-heading-title elementor-size-default\">Beginnen Sie mit der Erkundung, w\u00e4hrend Ihr Profil unseren Verifizierungsprozess durchl\u00e4uft. Nutzen Sie unsere erweiterten Filter, um Verbindungen zu entdecken, die Ihren Pr\u00e4ferenzen entsprechen. Unser globales Netzwerk von au\u00dfergew\u00f6hnlichen Menschen sorgt f\u00fcr sinnvolle Verbindungen, egal ob in Ihrer Stadt oder \u00fcber Kontinente hinweg.  <\/p>\t\t\t\t<\/div>\n\t\t\t\t<\/div>\n\t\t\t\t<div class=\"elementor-element elementor-element-9f8a693 elementor-widget elementor-widget-heading\" data-id=\"9f8a693\" data-element_type=\"widget\" data-widget_type=\"heading.default\">\n\t\t\t\t<div class=\"elementor-widget-container\">\n\t\t\t\t\t<h3 class=\"elementor-heading-title elementor-size-default\">4) Engagieren Sie sich mit angesehenen Mitgliedern<\/h3>\t\t\t\t<\/div>\n\t\t\t\t<\/div>\n\t\t\t\t<div class=\"elementor-element elementor-element-0d3e98b elementor-widget elementor-widget-heading\" data-id=\"0d3e98b\" data-element_type=\"widget\" data-widget_type=\"heading.default\">\n\t\t\t\t<div class=\"elementor-widget-container\">\n\t\t\t\t\t<p class=\"elementor-heading-title elementor-size-default\">Wenn Sie sich verifiziert haben, tauchen Sie ein in unsere ausgew\u00e4hlte Gemeinschaft versierter Menschen. Wir haben sorgf\u00e4ltig eine Umgebung kultiviert, in der Erfolg auf Kultiviertheit trifft. Hier wird jede Kontaktm\u00f6glichkeit \u00fcber konventionelle Begegnungen hinaus erweitert, um Interaktionen von h\u00f6chstem Niveau zu gew\u00e4hrleisten.  <\/p>\t\t\t\t<\/div>\n\t\t\t\t<\/div>\n\t\t\t\t<\/div>\n\t\t\t\t<\/div>\n\t\t\t\t\t<\/div>\n\t\t\t\t<\/div>\n\t\t\t\t<\/div>\n\t\t","protected":false},"excerpt":{"rendered":"<p>Entdecken Sie neue Erfahrungen Wie es funktioniert BTC Sugar Dating ist das erste exklusive Netzwerk, das versierte Fachleute und angesehene Pers\u00f6nlichkeiten verbindet. Die Mitgliedschaft ist zwar kostenlos, aber Ihre Erfahrung wird durch das bestimmt, was Sie in diese Elite-Community einbringen: F\u00fcr diejenigen, die au\u00dfergew\u00f6hnliche Beziehungen suchen, geht der wahre Wert \u00fcber finanzielle Erfolge hinaus. Wir [&hellip;]<\/p>\n","protected":false},"author":1,"featured_media":0,"parent":0,"menu_order":0,"comment_status":"closed","ping_status":"closed","template":"","meta":{"_monsterinsights_skip_tracking":false,"_monsterinsights_sitenote_active":false,"_monsterinsights_sitenote_note":"","_monsterinsights_sitenote_category":0,"_uf_show_specific_survey":0,"_uf_disable_surveys":false,"ocean_post_layout":"full-screen","ocean_both_sidebars_style":"","ocean_both_sidebars_content_width":0,"ocean_both_sidebars_sidebars_width":0,"ocean_sidebar":"","ocean_second_sidebar":"","ocean_disable_margins":"enable","ocean_add_body_class":"","ocean_shortcode_before_top_bar":"","ocean_shortcode_after_top_bar":"","ocean_shortcode_before_header":"","ocean_shortcode_after_header":"","ocean_has_shortcode":"","ocean_shortcode_after_title":"","ocean_shortcode_before_footer_widgets":"","ocean_shortcode_after_footer_widgets":"","ocean_shortcode_before_footer_bottom":"","ocean_shortcode_after_footer_bottom":"","ocean_display_top_bar":"default","ocean_display_header":"default","ocean_header_style":"","ocean_center_header_left_menu":"","ocean_custom_header_template":"","ocean_custom_logo":0,"ocean_custom_retina_logo":0,"ocean_custom_logo_max_width":0,"ocean_custom_logo_tablet_max_width":0,"ocean_custom_logo_mobile_max_width":0,"ocean_custom_logo_max_height":0,"ocean_custom_logo_tablet_max_height":0,"ocean_custom_logo_mobile_max_height":0,"ocean_header_custom_menu":"","ocean_menu_typo_font_family":"","ocean_menu_typo_font_subset":"","ocean_menu_typo_font_size":0,"ocean_menu_typo_font_size_tablet":0,"ocean_menu_typo_font_size_mobile":0,"ocean_menu_typo_font_size_unit":"px","ocean_menu_typo_font_weight":"","ocean_menu_typo_font_weight_tablet":"","ocean_menu_typo_font_weight_mobile":"","ocean_menu_typo_transform":"","ocean_menu_typo_transform_tablet":"","ocean_menu_typo_transform_mobile":"","ocean_menu_typo_line_height":0,"ocean_menu_typo_line_height_tablet":0,"ocean_menu_typo_line_height_mobile":0,"ocean_menu_typo_line_height_unit":"","ocean_menu_typo_spacing":0,"ocean_menu_typo_spacing_tablet":0,"ocean_menu_typo_spacing_mobile":0,"ocean_menu_typo_spacing_unit":"","ocean_menu_link_color":"","ocean_menu_link_color_hover":"","ocean_menu_link_color_active":"","ocean_menu_link_background":"","ocean_menu_link_hover_background":"","ocean_menu_link_active_background":"","ocean_menu_social_links_bg":"","ocean_menu_social_hover_links_bg":"","ocean_menu_social_links_color":"","ocean_menu_social_hover_links_color":"","ocean_disable_title":"on","ocean_disable_heading":"on","ocean_post_title":"","ocean_post_subheading":"","ocean_post_title_style":"","ocean_post_title_background_color":"","ocean_post_title_background":0,"ocean_post_title_bg_image_position":"","ocean_post_title_bg_image_attachment":"","ocean_post_title_bg_image_repeat":"","ocean_post_title_bg_image_size":"","ocean_post_title_height":0,"ocean_post_title_bg_overlay":0.5,"ocean_post_title_bg_overlay_color":"","ocean_disable_breadcrumbs":"off","ocean_breadcrumbs_color":"","ocean_breadcrumbs_separator_color":"","ocean_breadcrumbs_links_color":"","ocean_breadcrumbs_links_hover_color":"","ocean_display_footer_widgets":"default","ocean_display_footer_bottom":"default","ocean_custom_footer_template":"","ofc_enable_fullscreen":"disable","ofc_fullscreen_speed":0,"ofc_fullscreen_nav":"enable","ofc_fullscreen_nav_pos":"right","ofc_fullscreen_nav_color":"","ofc_fullscreen_nav_tooltip_color":"","ofc_fullscreen_responsive":0,"osh_disable_topbar_sticky":"default","osh_disable_header_sticky":"default","osh_sticky_header_style":"default","osh_sticky_header_effect":"","osh_custom_sticky_logo":0,"osh_custom_retina_sticky_logo":0,"osh_custom_sticky_logo_height":0,"osh_background_color":"","osh_links_color":"","osh_links_hover_color":"","osh_links_active_color":"","osh_links_bg_color":"","osh_links_hover_bg_color":"","osh_links_active_bg_color":"","osh_menu_social_links_color":"","osh_menu_social_hover_links_color":"","jetpack_post_was_ever_published":false,"footnotes":""},"class_list":["post-7560","page","type-page","status-publish","hentry","entry"],"yoast_head":"<!-- This site is optimized with the Yoast SEO plugin v24.9 - https:\/\/yoast.com\/wordpress\/plugins\/seo\/ -->\n<title>Werke - BTC Sugar Dating<\/title>\n<meta name=\"robots\" content=\"index, follow, max-snippet:-1, max-image-preview:large, max-video-preview:-1\" \/>\n<link rel=\"canonical\" href=\"https:\/\/www.btcsugardating.com\/de\/werke\/\" \/>\n<meta property=\"og:locale\" content=\"de_DE\" \/>\n<meta property=\"og:type\" content=\"article\" \/>\n<meta property=\"og:title\" content=\"Werke - BTC Sugar Dating\" \/>\n<meta property=\"og:description\" content=\"Entdecken Sie neue Erfahrungen Wie es funktioniert BTC Sugar Dating ist das erste exklusive Netzwerk, das versierte Fachleute und angesehene Pers\u00f6nlichkeiten verbindet. Die Mitgliedschaft ist zwar kostenlos, aber Ihre Erfahrung wird durch das bestimmt, was Sie in diese Elite-Community einbringen: F\u00fcr diejenigen, die au\u00dfergew\u00f6hnliche Beziehungen suchen, geht der wahre Wert \u00fcber finanzielle Erfolge hinaus. Wir [&hellip;]\" \/>\n<meta property=\"og:url\" content=\"https:\/\/www.btcsugardating.com\/de\/werke\/\" \/>\n<meta property=\"og:site_name\" content=\"BTC Sugar Dating\" \/>\n<meta property=\"article:modified_time\" content=\"2025-06-11T02:48:16+00:00\" \/>\n<meta property=\"og:image\" content=\"https:\/\/i0.wp.com\/www.btcsugardating.com\/wp-content\/uploads\/2025\/04\/BTCSugarDating.png?fit=557%2C64&ssl=1\" \/>\n\t<meta property=\"og:image:width\" content=\"557\" \/>\n\t<meta property=\"og:image:height\" content=\"64\" \/>\n\t<meta property=\"og:image:type\" content=\"image\/png\" \/>\n<meta name=\"twitter:card\" content=\"summary_large_image\" \/>\n<meta name=\"twitter:site\" content=\"@BTCSugarDating\" \/>\n<meta name=\"twitter:label1\" content=\"Gesch\u00e4tzte Lesezeit\" \/>\n\t<meta name=\"twitter:data1\" content=\"2\u00a0Minuten\" \/>\n<script type=\"application\/ld+json\" class=\"yoast-schema-graph\">{\"@context\":\"https:\/\/schema.org\",\"@graph\":[{\"@type\":\"WebPage\",\"@id\":\"https:\/\/www.btcsugardating.com\/de\/werke\/\",\"url\":\"https:\/\/www.btcsugardating.com\/de\/werke\/\",\"name\":\"Werke - BTC Sugar Dating\",\"isPartOf\":{\"@id\":\"https:\/\/www.btcsugardating.com\/#website\"},\"datePublished\":\"2024-02-12T11:46:08+00:00\",\"dateModified\":\"2025-06-11T02:48:16+00:00\",\"breadcrumb\":{\"@id\":\"https:\/\/www.btcsugardating.com\/de\/werke\/#breadcrumb\"},\"inLanguage\":\"de\",\"potentialAction\":[{\"@type\":\"ReadAction\",\"target\":[\"https:\/\/www.btcsugardating.com\/de\/werke\/\"]}]},{\"@type\":\"BreadcrumbList\",\"@id\":\"https:\/\/www.btcsugardating.com\/de\/werke\/#breadcrumb\",\"itemListElement\":[{\"@type\":\"ListItem\",\"position\":1,\"name\":\"Home\",\"item\":\"https:\/\/www.btcsugardating.com\/de\/premium-sugar-daddy-dating-mit-privatsphaere-verifiziertem-reichtum\/\"},{\"@type\":\"ListItem\",\"position\":2,\"name\":\"Werke\"}]},{\"@type\":\"WebSite\",\"@id\":\"https:\/\/www.btcsugardating.com\/#website\",\"url\":\"https:\/\/www.btcsugardating.com\/\",\"name\":\"BTC Sugar Dating\",\"description\":\"Premium Sugar Daddy Dating with Privacy &amp; Verified Wealth\",\"publisher\":{\"@id\":\"https:\/\/www.btcsugardating.com\/#organization\"},\"potentialAction\":[{\"@type\":\"SearchAction\",\"target\":{\"@type\":\"EntryPoint\",\"urlTemplate\":\"https:\/\/www.btcsugardating.com\/?s={search_term_string}\"},\"query-input\":{\"@type\":\"PropertyValueSpecification\",\"valueRequired\":true,\"valueName\":\"search_term_string\"}}],\"inLanguage\":\"de\"},{\"@type\":\"Organization\",\"@id\":\"https:\/\/www.btcsugardating.com\/#organization\",\"name\":\"btc holders\",\"url\":\"https:\/\/www.btcsugardating.com\/\",\"logo\":{\"@type\":\"ImageObject\",\"inLanguage\":\"de\",\"@id\":\"https:\/\/www.btcsugardating.com\/#\/schema\/logo\/image\/\",\"url\":\"https:\/\/i0.wp.com\/www.btcsugardating.com\/wp-content\/uploads\/2025\/01\/cropped-1BTCHoldersClub.png?fit=557%2C51&ssl=1\",\"contentUrl\":\"https:\/\/i0.wp.com\/www.btcsugardating.com\/wp-content\/uploads\/2025\/01\/cropped-1BTCHoldersClub.png?fit=557%2C51&ssl=1\",\"width\":557,\"height\":51,\"caption\":\"btc holders\"},\"image\":{\"@id\":\"https:\/\/www.btcsugardating.com\/#\/schema\/logo\/image\/\"},\"sameAs\":[\"https:\/\/x.com\/BTCSugarDating\"]}]}<\/script>\n<!-- \/ Yoast SEO plugin. -->","yoast_head_json":{"title":"Werke - BTC Sugar Dating","robots":{"index":"index","follow":"follow","max-snippet":"max-snippet:-1","max-image-preview":"max-image-preview:large","max-video-preview":"max-video-preview:-1"},"canonical":"https:\/\/www.btcsugardating.com\/de\/werke\/","og_locale":"de_DE","og_type":"article","og_title":"Werke - BTC Sugar Dating","og_description":"Entdecken Sie neue Erfahrungen Wie es funktioniert BTC Sugar Dating ist das erste exklusive Netzwerk, das versierte Fachleute und angesehene Pers\u00f6nlichkeiten verbindet. Die Mitgliedschaft ist zwar kostenlos, aber Ihre Erfahrung wird durch das bestimmt, was Sie in diese Elite-Community einbringen: F\u00fcr diejenigen, die au\u00dfergew\u00f6hnliche Beziehungen suchen, geht der wahre Wert \u00fcber finanzielle Erfolge hinaus. Wir [&hellip;]","og_url":"https:\/\/www.btcsugardating.com\/de\/werke\/","og_site_name":"BTC Sugar Dating","article_modified_time":"2025-06-11T02:48:16+00:00","og_image":[{"width":557,"height":64,"url":"https:\/\/i0.wp.com\/www.btcsugardating.com\/wp-content\/uploads\/2025\/04\/BTCSugarDating.png?fit=557%2C64&ssl=1","type":"image\/png"}],"twitter_card":"summary_large_image","twitter_site":"@BTCSugarDating","twitter_misc":{"Gesch\u00e4tzte Lesezeit":"2\u00a0Minuten"},"schema":{"@context":"https:\/\/schema.org","@graph":[{"@type":"WebPage","@id":"https:\/\/www.btcsugardating.com\/de\/werke\/","url":"https:\/\/www.btcsugardating.com\/de\/werke\/","name":"Werke - BTC Sugar Dating","isPartOf":{"@id":"https:\/\/www.btcsugardating.com\/#website"},"datePublished":"2024-02-12T11:46:08+00:00","dateModified":"2025-06-11T02:48:16+00:00","breadcrumb":{"@id":"https:\/\/www.btcsugardating.com\/de\/werke\/#breadcrumb"},"inLanguage":"de","potentialAction":[{"@type":"ReadAction","target":["https:\/\/www.btcsugardating.com\/de\/werke\/"]}]},{"@type":"BreadcrumbList","@id":"https:\/\/www.btcsugardating.com\/de\/werke\/#breadcrumb","itemListElement":[{"@type":"ListItem","position":1,"name":"Home","item":"https:\/\/www.btcsugardating.com\/de\/premium-sugar-daddy-dating-mit-privatsphaere-verifiziertem-reichtum\/"},{"@type":"ListItem","position":2,"name":"Werke"}]},{"@type":"WebSite","@id":"https:\/\/www.btcsugardating.com\/#website","url":"https:\/\/www.btcsugardating.com\/","name":"BTC Sugar Dating","description":"Premium Sugar Daddy Dating with Privacy &amp; Verified Wealth","publisher":{"@id":"https:\/\/www.btcsugardating.com\/#organization"},"potentialAction":[{"@type":"SearchAction","target":{"@type":"EntryPoint","urlTemplate":"https:\/\/www.btcsugardating.com\/?s={search_term_string}"},"query-input":{"@type":"PropertyValueSpecification","valueRequired":true,"valueName":"search_term_string"}}],"inLanguage":"de"},{"@type":"Organization","@id":"https:\/\/www.btcsugardating.com\/#organization","name":"btc holders","url":"https:\/\/www.btcsugardating.com\/","logo":{"@type":"ImageObject","inLanguage":"de","@id":"https:\/\/www.btcsugardating.com\/#\/schema\/logo\/image\/","url":"https:\/\/i0.wp.com\/www.btcsugardating.com\/wp-content\/uploads\/2025\/01\/cropped-1BTCHoldersClub.png?fit=557%2C51&ssl=1","contentUrl":"https:\/\/i0.wp.com\/www.btcsugardating.com\/wp-content\/uploads\/2025\/01\/cropped-1BTCHoldersClub.png?fit=557%2C51&ssl=1","width":557,"height":51,"caption":"btc holders"},"image":{"@id":"https:\/\/www.btcsugardating.com\/#\/schema\/logo\/image\/"},"sameAs":["https:\/\/x.com\/BTCSugarDating"]}]}},"jetpack_sharing_enabled":true,"_links":{"self":[{"href":"https:\/\/www.btcsugardating.com\/de\/wp-json\/wp\/v2\/pages\/7560","targetHints":{"allow":["GET"]}}],"collection":[{"href":"https:\/\/www.btcsugardating.com\/de\/wp-json\/wp\/v2\/pages"}],"about":[{"href":"https:\/\/www.btcsugardating.com\/de\/wp-json\/wp\/v2\/types\/page"}],"author":[{"embeddable":true,"href":"https:\/\/www.btcsugardating.com\/de\/wp-json\/wp\/v2\/users\/1"}],"replies":[{"embeddable":true,"href":"https:\/\/www.btcsugardating.com\/de\/wp-json\/wp\/v2\/comments?post=7560"}],"version-history":[{"count":1,"href":"https:\/\/www.btcsugardating.com\/de\/wp-json\/wp\/v2\/pages\/7560\/revisions"}],"predecessor-version":[{"id":7562,"href":"https:\/\/www.btcsugardating.com\/de\/wp-json\/wp\/v2\/pages\/7560\/revisions\/7562"}],"wp:attachment":[{"href":"https:\/\/www.btcsugardating.com\/de\/wp-json\/wp\/v2\/media?parent=7560"}],"curies":[{"name":"wp","href":"https:\/\/api.w.org\/{rel}","templated":true}]}}