{"id":6884,"date":"2025-01-08T05:11:35","date_gmt":"2025-01-08T05:11:35","guid":{"rendered":"https:\/\/www.btcsugardating.com\/politica-de-privacidad\/"},"modified":"2025-05-19T00:59:05","modified_gmt":"2025-05-19T00:59:05","slug":"politica-de-privacidad","status":"publish","type":"page","link":"https:\/\/www.btcsugardating.com\/es\/politica-de-privacidad\/","title":{"rendered":"Pol\u00edtica de privacidad"},"content":{"rendered":"\t\t<div data-elementor-type=\"wp-page\" data-elementor-id=\"6884\" class=\"elementor elementor-6884 elementor-3\">\n\t\t\t\t<div class=\"elementor-element elementor-element-579ff3cd e-flex e-con-boxed e-con e-parent\" data-id=\"579ff3cd\" data-element_type=\"container\">\n\t\t\t\t\t<div class=\"e-con-inner\">\n\t\t\t\t<div class=\"elementor-element elementor-element-5e640ff0 elementor-widget elementor-widget-text-editor\" data-id=\"5e640ff0\" data-element_type=\"widget\" data-widget_type=\"text-editor.default\">\n\t\t\t\t<div class=\"elementor-widget-container\">\n\t\t\t\t\t\t\t\t\t<h1>&nbsp;<\/h1>\n<h1>&nbsp;<\/h1>\n<h1 class=\"wp-block-heading\">NUESTRO COMPROMISO<\/h1>\n<p>[Nombre de la Plataforma] (\u00abPlataforma\u00bb), operada por [Nombre de la Empresa] (\u00abEmpresa\u00bb) y sus empresas afiliadas, respeta tu privacidad. Nos comprometemos a proteger la privacidad de nuestros usuarios y a proporcionarles una experiencia segura. Esta pol\u00edtica detalla c\u00f3mo se recopilan, utilizan y comparten tus datos cuando accedes a nuestros sitios web y aplicaciones m\u00f3viles o interact\u00faas con nuestros servicios (colectivamente, los \u00abServicios\u00bb).  <\/p>\n<h2>&nbsp;<\/h2>\n<h1 class=\"wp-block-heading\">APLICABILIDAD DE LA POL\u00cdTICA DE PRIVACIDAD<\/h1>\n<p>Esta pol\u00edtica de privacidad se aplica a toda la informaci\u00f3n que recopilamos a trav\u00e9s de nuestra web y aplicaciones m\u00f3viles de los usuarios y visitantes actuales y anteriores de la Plataforma. Cuando dejes de ser nuestro cliente, seguiremos compartiendo tu informaci\u00f3n tal y como se describe en esta pol\u00edtica. Esta pol\u00edtica s\u00f3lo se aplica a nuestros Servicios y no se aplica a las pr\u00e1cticas de ning\u00fan otro servicio.  <\/p>\n<h2>&nbsp;<\/h2>\n<h1 class=\"wp-block-heading\">EMPRESAS AFILIADAS<\/h1>\n<p>La empresa est\u00e1 afiliada a varias entidades, entre ellas:<\/p>\n<p>empresas afiliadas 1<\/p>\n<p>empresas afiliadas 2<\/p>\n<h2>&nbsp;<\/h2>\n<h1 class=\"wp-block-heading\">INFORMACI\u00d3N RECOGIDA<\/h1>\n<h3>Informaci\u00f3n personal<\/h3>\n<p>Cuando utilizas nuestros Servicios, podemos recopilar:<\/p>\n<p>&#8211; Informaci\u00f3n b\u00e1sica: nombre, direcci\u00f3n de correo electr\u00f3nico, n\u00fameros de tel\u00e9fono<\/p>\n<p>&#8211; Informaci\u00f3n del perfil: fotos, ocupaci\u00f3n, intereses, preferencias<\/p>\n<p>&#8211; Verificaci\u00f3n de identidad: documentos necesarios para la verificaci\u00f3n<\/p>\n<p>&#8211; Informaci\u00f3n financiera: datos de la tarjeta de cr\u00e9dito para servicios premium<\/p>\n<p>&#8211; Datos de comunicaci\u00f3n: mensajes, interacciones con otros usuarios<\/p><p><br><\/p>\n<h4>Informaci\u00f3n recogida autom\u00e1ticamente<\/h4>\n<p>Nuestros sistemas recogen autom\u00e1ticamente:<\/p>\n<p>&#8211; Datos t\u00e9cnicos: Direcci\u00f3n IP, tipo de navegador, informaci\u00f3n del dispositivo<\/p>\n<p>&#8211; Datos de uso: tiempos de acceso, funciones utilizadas, patrones de actividad<\/p>\n<p>&#8211; Datos de localizaci\u00f3n: localizaci\u00f3n general basada en la direcci\u00f3n IP<\/p>\n<p>&#8211; Datos de cookies: tal y como se describen en nuestra Pol\u00edtica de cookies<\/p>\n<h2>&nbsp;<\/h2>\n<h1 class=\"wp-block-heading\">C\u00d3MO UTILIZAMOS TU INFORMACI\u00d3N<\/h1>\n<p>Utilizamos la informaci\u00f3n recogida para:<\/p>\n<p>&#8211; Proporcionar y mantener los Servicios<\/p>\n<p>&#8211; Verifica la identidad del usuario y evita el fraude<\/p>\n<p>&#8211; Procesar transacciones y pagos<\/p>\n<p>&#8211; Personaliza la experiencia del usuario<\/p>\n<p>&#8211; Proporcionar asistencia al cliente<\/p>\n<p>&#8211; Enviar actualizaciones y notificaciones de servicio<\/p>\n<p>&#8211; Comunicar novedades o promociones<\/p>\n<p>&#8211; Analizar los patrones de uso y mejorar los servicios<\/p>\n<p>&#8211; Garantizar la seguridad de la plataforma<\/p>\n<p>&#8211; Cumplir las obligaciones legales<\/p>\n<h2>&nbsp;<\/h2>\n<h1 class=\"wp-block-heading\">PROTECCI\u00d3N Y ALMACENAMIENTO DE DATOS<\/h1>\n<p>Aplicamos s\u00f3lidas medidas de seguridad, entre ellas<\/p>\n<p>&#8211; Encriptaci\u00f3n SSL para la transmisi\u00f3n de datos<\/p>\n<p>&#8211; Sistemas seguros de almacenamiento de datos<\/p>\n<p>&#8211; Protocolos de control de acceso<\/p>\n<p>&#8211; Evaluaciones peri\u00f3dicas de seguridad<\/p>\n<p>&#8211; Salvaguardias f\u00edsicas y t\u00e9cnicas<\/p>\n<h2>&nbsp;<\/h2>\n<h1 class=\"wp-block-heading\">INTERCAMBIO DE INFORMACI\u00d3N<\/h1>\n<p>Cualquier disputa relacionada con la privacidad estar\u00e1 sujeta a:<\/p>\n<p>&#8211; Derecho de Singapur<\/p>\n<p>&#8211; Competencia de los tribunales de Singapur<\/p>\n<p>&#8211; Arbitraje seg\u00fan las Condiciones del servicio<\/p>\n<h2>&nbsp;<\/h2>\n<h1 class=\"wp-block-heading\">COOKIES Y SEGUIMIENTO<\/h1>\n<p>Cualquier disputa relacionada con la privacidad estar\u00e1 sujeta a:<\/p>\n<p>&#8211; Derecho de Singapur<\/p>\n<p>&#8211; Competencia de los tribunales de Singapur<\/p>\n<p>&#8211; Arbitraje seg\u00fan las Condiciones del servicio<\/p>\n<h2>&nbsp;<\/h2>\n<h1 class=\"wp-block-heading\">TRANSFERENCIAS INTERNACIONALES DE DATOS<\/h1>\n<p>Nuestros Servicios operan a nivel mundial. Al utilizar nuestros Servicios, das tu consentimiento para que tus datos sean transferidos y procesados en Singapur y otros pa\u00edses. Nos aseguramos de que existen las salvaguardias adecuadas para las transferencias internacionales de datos.  <\/p>\n<h2>&nbsp;<\/h2>\n<h1>DERECHOS Y OPCIONES DEL USUARIO<\/h1>\n<p>Tienes derecho a:<\/p>\n<p>&#8211; Acceder a tu informaci\u00f3n personal<\/p>\n<p>&#8211; Corregir datos inexactos<\/p>\n<p>&#8211; Solicitar la eliminaci\u00f3n de datos<\/p>\n<p>&#8211; Exclusi\u00f3n voluntaria de comunicaciones comerciales<\/p>\n<p>&#8211; Controlar la configuraci\u00f3n de privacidad<\/p>\n<p>&#8211; Exporta tus datos<\/p>\n<p>&#8211; Restringir el tratamiento de datos<\/p>\n<h2>&nbsp;<\/h2>\n<h1>CONTROL Y ACCESO DE USUARIOS<\/h1>\n<p>Puedes hacerlo:<\/p>\n<p>&#8211; Actualiza la informaci\u00f3n de la cuenta en cualquier momento<\/p>\n<p>&#8211; Cambiar las preferencias de privacidad<\/p>\n<p>&#8211; Exclusi\u00f3n voluntaria de comunicaciones<\/p>\n<p>&#8211; Solicitar la eliminaci\u00f3n de datos<\/p>\n<p>&#8211; Controlar la configuraci\u00f3n de las cookies<\/p>\n<h2>&nbsp;<\/h2>\n<h1>CONSERVACI\u00d3N DE LA INFORMACI\u00d3N<\/h1>\n<p>Conservamos tu informaci\u00f3n:<\/p>\n<p>&#8211; Mientras tu cuenta est\u00e9 activa<\/p>\n<p>&#8211; Seg\u00fan sea necesario para prestar Servicios<\/p>\n<p>&#8211; Como exige la ley<\/p>\n<p>&#8211; Para la prevenci\u00f3n del fraude<\/p>\n<p>&#8211; Para fines empresariales leg\u00edtimos<\/p>\n<h2>&nbsp;<\/h2>\n<h1>RESPONSABLE DE PROTECCI\u00d3N DE DATOS<\/h1>\n<p>Para comunicarte con nuestro Responsable de Protecci\u00f3n de Datos:<\/p>\n<p>Correo electr\u00f3nico:<\/p>\n<p>Direcci\u00f3n:<\/p>\n<h2>&nbsp;<\/h2>\n<h1>CAMBIOS EN LA POL\u00cdTICA DE PRIVACIDAD<\/h1>\n<p>Podemos actualizar esta Pol\u00edtica de Privacidad peri\u00f3dicamente. Las actualizaciones se publicar\u00e1n en nuestra plataforma con una fecha de entrada en vigor revisada. El uso continuado de nuestros Servicios despu\u00e9s de los cambios constituye la aceptaci\u00f3n de la pol\u00edtica actualizada.  <\/p>\n<h2>&nbsp;<\/h2>\n<h1>CONT\u00c1CTANOS<\/h1>\n<p>Para consultas relacionadas con la privacidad:<\/p>\n<p>Correo electr\u00f3nico:<\/p>\n<p>Direcci\u00f3n:<\/p>\n<p>Tel\u00e9fono:<\/p>\n<h2>&nbsp;<\/h2>\n<h1>MEDIDAS DE SEGURIDAD<\/h1>\n<p>Empleamos medidas de seguridad est\u00e1ndar del sector:<\/p>\n<p>&#8211; Cifrado de datos sensibles<\/p>\n<p>&#8211; Infraestructura de servidor segura<\/p>\n<p>&#8211; Auditor\u00edas de seguridad peri\u00f3dicas<\/p>\n<p>&#8211; Sistemas de control de acceso<\/p>\n<p>&#8211; Procedimientos de respuesta a incidentes<\/p>\n<h2>&nbsp;<\/h2>\n<h1>DISPOSICIONES ESPECIALES<\/h1>\n<h2>Menores<\/h2>\n<p>No recopilamos conscientemente informaci\u00f3n de personas menores de 18 a\u00f1os.<\/p><p><br><\/p>\n<h2>Jurisdicciones especiales<\/h2>\n<p>&#8211; Singapur: Cumple los requisitos de la PDPA<\/p>\n<p>&#8211; Usuarios internacionales: Sujeto a las leyes locales de protecci\u00f3n de datos<\/p>\n<p>&#8211; Transferencias transfronterizas: Protegidas por salvaguardias adecuadas<\/p><p><br><\/p>\n<h2>Transferencia de empresas<\/h2>\n<p>Si nuestra empresa es adquirida o fusionada, tu informaci\u00f3n puede ser transferida como parte de esa transacci\u00f3n.<\/p>\n<h2>&nbsp;<\/h2>\n<h1>RESOLUCI\u00d3N DE CONFLICTOS<\/h1>\n<p>Cualquier disputa relacionada con la privacidad estar\u00e1 sujeta a:<\/p>\n<p>&#8211; Derecho de Singapur<\/p>\n<p>&#8211; Competencia de los tribunales de Singapur<\/p>\n<p>&#8211; Arbitraje seg\u00fan las Condiciones del servicio<\/p>\n<p><br><\/p>\n<p><br><\/p>\n<p><br><\/p>\n<p><\/p>\t\t\t\t\t\t\t\t<\/div>\n\t\t\t\t<\/div>\n\t\t\t\t\t<\/div>\n\t\t\t\t<\/div>\n\t\t\t\t<\/div>\n\t\t","protected":false},"excerpt":{"rendered":"<p>&nbsp; &nbsp; NUESTRO COMPROMISO [Nombre de la Plataforma] (\u00abPlataforma\u00bb), operada por [Nombre de la Empresa] (\u00abEmpresa\u00bb) y sus empresas afiliadas, respeta tu privacidad. Nos comprometemos a proteger la privacidad de nuestros usuarios y a proporcionarles una experiencia segura. Esta pol\u00edtica detalla c\u00f3mo se recopilan, utilizan y comparten tus datos cuando accedes a nuestros sitios web [&hellip;]<\/p>\n","protected":false},"author":1,"featured_media":0,"parent":0,"menu_order":0,"comment_status":"closed","ping_status":"closed","template":"","meta":{"_monsterinsights_skip_tracking":false,"_monsterinsights_sitenote_active":false,"_monsterinsights_sitenote_note":"","_monsterinsights_sitenote_category":0,"_uf_show_specific_survey":0,"_uf_disable_surveys":false,"ocean_post_layout":"","ocean_both_sidebars_style":"","ocean_both_sidebars_content_width":0,"ocean_both_sidebars_sidebars_width":0,"ocean_sidebar":"","ocean_second_sidebar":"","ocean_disable_margins":"enable","ocean_add_body_class":"","ocean_shortcode_before_top_bar":"","ocean_shortcode_after_top_bar":"","ocean_shortcode_before_header":"","ocean_shortcode_after_header":"","ocean_has_shortcode":"","ocean_shortcode_after_title":"","ocean_shortcode_before_footer_widgets":"","ocean_shortcode_after_footer_widgets":"","ocean_shortcode_before_footer_bottom":"","ocean_shortcode_after_footer_bottom":"","ocean_display_top_bar":"default","ocean_display_header":"default","ocean_header_style":"","ocean_center_header_left_menu":"","ocean_custom_header_template":"","ocean_custom_logo":0,"ocean_custom_retina_logo":0,"ocean_custom_logo_max_width":0,"ocean_custom_logo_tablet_max_width":0,"ocean_custom_logo_mobile_max_width":0,"ocean_custom_logo_max_height":0,"ocean_custom_logo_tablet_max_height":0,"ocean_custom_logo_mobile_max_height":0,"ocean_header_custom_menu":"","ocean_menu_typo_font_family":"","ocean_menu_typo_font_subset":"","ocean_menu_typo_font_size":0,"ocean_menu_typo_font_size_tablet":0,"ocean_menu_typo_font_size_mobile":0,"ocean_menu_typo_font_size_unit":"px","ocean_menu_typo_font_weight":"","ocean_menu_typo_font_weight_tablet":"","ocean_menu_typo_font_weight_mobile":"","ocean_menu_typo_transform":"","ocean_menu_typo_transform_tablet":"","ocean_menu_typo_transform_mobile":"","ocean_menu_typo_line_height":0,"ocean_menu_typo_line_height_tablet":0,"ocean_menu_typo_line_height_mobile":0,"ocean_menu_typo_line_height_unit":"","ocean_menu_typo_spacing":0,"ocean_menu_typo_spacing_tablet":0,"ocean_menu_typo_spacing_mobile":0,"ocean_menu_typo_spacing_unit":"","ocean_menu_link_color":"","ocean_menu_link_color_hover":"","ocean_menu_link_color_active":"","ocean_menu_link_background":"","ocean_menu_link_hover_background":"","ocean_menu_link_active_background":"","ocean_menu_social_links_bg":"","ocean_menu_social_hover_links_bg":"","ocean_menu_social_links_color":"","ocean_menu_social_hover_links_color":"","ocean_disable_title":"default","ocean_disable_heading":"default","ocean_post_title":"","ocean_post_subheading":"","ocean_post_title_style":"","ocean_post_title_background_color":"","ocean_post_title_background":0,"ocean_post_title_bg_image_position":"","ocean_post_title_bg_image_attachment":"","ocean_post_title_bg_image_repeat":"","ocean_post_title_bg_image_size":"","ocean_post_title_height":0,"ocean_post_title_bg_overlay":0.5,"ocean_post_title_bg_overlay_color":"","ocean_disable_breadcrumbs":"default","ocean_breadcrumbs_color":"","ocean_breadcrumbs_separator_color":"","ocean_breadcrumbs_links_color":"","ocean_breadcrumbs_links_hover_color":"","ocean_display_footer_widgets":"default","ocean_display_footer_bottom":"default","ocean_custom_footer_template":"","ofc_enable_fullscreen":"disable","ofc_fullscreen_speed":0,"ofc_fullscreen_nav":"enable","ofc_fullscreen_nav_pos":"right","ofc_fullscreen_nav_color":"","ofc_fullscreen_nav_tooltip_color":"","ofc_fullscreen_responsive":0,"osh_disable_topbar_sticky":"default","osh_disable_header_sticky":"default","osh_sticky_header_style":"default","osh_sticky_header_effect":"","osh_custom_sticky_logo":0,"osh_custom_retina_sticky_logo":0,"osh_custom_sticky_logo_height":0,"osh_background_color":"","osh_links_color":"","osh_links_hover_color":"","osh_links_active_color":"","osh_links_bg_color":"","osh_links_hover_bg_color":"","osh_links_active_bg_color":"","osh_menu_social_links_color":"","osh_menu_social_hover_links_color":"","jetpack_post_was_ever_published":false,"footnotes":""},"class_list":["post-6884","page","type-page","status-publish","hentry","entry"],"yoast_head":"<!-- This site is optimized with the Yoast SEO plugin v24.9 - https:\/\/yoast.com\/wordpress\/plugins\/seo\/ -->\n<title>Pol\u00edtica de privacidad - BTC Sugar Dating<\/title>\n<meta name=\"robots\" content=\"index, follow, max-snippet:-1, max-image-preview:large, max-video-preview:-1\" \/>\n<link rel=\"canonical\" href=\"https:\/\/www.btcsugardating.com\/es\/politica-de-privacidad\/\" \/>\n<meta property=\"og:locale\" content=\"es_ES\" \/>\n<meta property=\"og:type\" content=\"article\" \/>\n<meta property=\"og:title\" content=\"Pol\u00edtica de privacidad - BTC Sugar Dating\" \/>\n<meta property=\"og:description\" content=\"&nbsp; &nbsp; NUESTRO COMPROMISO [Nombre de la Plataforma] (\u00abPlataforma\u00bb), operada por [Nombre de la Empresa] (\u00abEmpresa\u00bb) y sus empresas afiliadas, respeta tu privacidad. Nos comprometemos a proteger la privacidad de nuestros usuarios y a proporcionarles una experiencia segura. Esta pol\u00edtica detalla c\u00f3mo se recopilan, utilizan y comparten tus datos cuando accedes a nuestros sitios web [&hellip;]\" \/>\n<meta property=\"og:url\" content=\"https:\/\/www.btcsugardating.com\/es\/politica-de-privacidad\/\" \/>\n<meta property=\"og:site_name\" content=\"BTC Sugar Dating\" \/>\n<meta property=\"article:modified_time\" content=\"2025-05-19T00:59:05+00:00\" \/>\n<meta property=\"og:image\" content=\"https:\/\/i0.wp.com\/www.btcsugardating.com\/wp-content\/uploads\/2025\/04\/BTCSugarDating.png?fit=557%2C64&ssl=1\" \/>\n\t<meta property=\"og:image:width\" content=\"557\" \/>\n\t<meta property=\"og:image:height\" content=\"64\" \/>\n\t<meta property=\"og:image:type\" content=\"image\/png\" \/>\n<meta name=\"twitter:card\" content=\"summary_large_image\" \/>\n<meta name=\"twitter:site\" content=\"@BTCSugarDating\" \/>\n<meta name=\"twitter:label1\" content=\"Tiempo de lectura\" \/>\n\t<meta name=\"twitter:data1\" content=\"5 minutos\" \/>\n<script type=\"application\/ld+json\" class=\"yoast-schema-graph\">{\"@context\":\"https:\/\/schema.org\",\"@graph\":[{\"@type\":\"WebPage\",\"@id\":\"https:\/\/www.btcsugardating.com\/es\/politica-de-privacidad\/\",\"url\":\"https:\/\/www.btcsugardating.com\/es\/politica-de-privacidad\/\",\"name\":\"Pol\u00edtica de privacidad - BTC Sugar Dating\",\"isPartOf\":{\"@id\":\"https:\/\/www.btcsugardating.com\/#website\"},\"datePublished\":\"2025-01-08T05:11:35+00:00\",\"dateModified\":\"2025-05-19T00:59:05+00:00\",\"breadcrumb\":{\"@id\":\"https:\/\/www.btcsugardating.com\/es\/politica-de-privacidad\/#breadcrumb\"},\"inLanguage\":\"es\",\"potentialAction\":[{\"@type\":\"ReadAction\",\"target\":[\"https:\/\/www.btcsugardating.com\/es\/politica-de-privacidad\/\"]}]},{\"@type\":\"BreadcrumbList\",\"@id\":\"https:\/\/www.btcsugardating.com\/es\/politica-de-privacidad\/#breadcrumb\",\"itemListElement\":[{\"@type\":\"ListItem\",\"position\":1,\"name\":\"Home\",\"item\":\"https:\/\/www.btcsugardating.com\/es\/citas-sugar-daddy-premium-con-privacidad-y-riqueza-verificadadescripcion\/\"},{\"@type\":\"ListItem\",\"position\":2,\"name\":\"Pol\u00edtica de privacidad\"}]},{\"@type\":\"WebSite\",\"@id\":\"https:\/\/www.btcsugardating.com\/#website\",\"url\":\"https:\/\/www.btcsugardating.com\/\",\"name\":\"BTC Sugar Dating\",\"description\":\"Premium Sugar Daddy Dating with Privacy &amp; Verified Wealth\",\"publisher\":{\"@id\":\"https:\/\/www.btcsugardating.com\/#organization\"},\"potentialAction\":[{\"@type\":\"SearchAction\",\"target\":{\"@type\":\"EntryPoint\",\"urlTemplate\":\"https:\/\/www.btcsugardating.com\/?s={search_term_string}\"},\"query-input\":{\"@type\":\"PropertyValueSpecification\",\"valueRequired\":true,\"valueName\":\"search_term_string\"}}],\"inLanguage\":\"es\"},{\"@type\":\"Organization\",\"@id\":\"https:\/\/www.btcsugardating.com\/#organization\",\"name\":\"btc holders\",\"url\":\"https:\/\/www.btcsugardating.com\/\",\"logo\":{\"@type\":\"ImageObject\",\"inLanguage\":\"es\",\"@id\":\"https:\/\/www.btcsugardating.com\/#\/schema\/logo\/image\/\",\"url\":\"https:\/\/i0.wp.com\/www.btcsugardating.com\/wp-content\/uploads\/2025\/01\/cropped-1BTCHoldersClub.png?fit=557%2C51&ssl=1\",\"contentUrl\":\"https:\/\/i0.wp.com\/www.btcsugardating.com\/wp-content\/uploads\/2025\/01\/cropped-1BTCHoldersClub.png?fit=557%2C51&ssl=1\",\"width\":557,\"height\":51,\"caption\":\"btc holders\"},\"image\":{\"@id\":\"https:\/\/www.btcsugardating.com\/#\/schema\/logo\/image\/\"},\"sameAs\":[\"https:\/\/x.com\/BTCSugarDating\"]}]}<\/script>\n<!-- \/ Yoast SEO plugin. -->","yoast_head_json":{"title":"Pol\u00edtica de privacidad - BTC Sugar Dating","robots":{"index":"index","follow":"follow","max-snippet":"max-snippet:-1","max-image-preview":"max-image-preview:large","max-video-preview":"max-video-preview:-1"},"canonical":"https:\/\/www.btcsugardating.com\/es\/politica-de-privacidad\/","og_locale":"es_ES","og_type":"article","og_title":"Pol\u00edtica de privacidad - BTC Sugar Dating","og_description":"&nbsp; &nbsp; NUESTRO COMPROMISO [Nombre de la Plataforma] (\u00abPlataforma\u00bb), operada por [Nombre de la Empresa] (\u00abEmpresa\u00bb) y sus empresas afiliadas, respeta tu privacidad. Nos comprometemos a proteger la privacidad de nuestros usuarios y a proporcionarles una experiencia segura. Esta pol\u00edtica detalla c\u00f3mo se recopilan, utilizan y comparten tus datos cuando accedes a nuestros sitios web [&hellip;]","og_url":"https:\/\/www.btcsugardating.com\/es\/politica-de-privacidad\/","og_site_name":"BTC Sugar Dating","article_modified_time":"2025-05-19T00:59:05+00:00","og_image":[{"width":557,"height":64,"url":"https:\/\/i0.wp.com\/www.btcsugardating.com\/wp-content\/uploads\/2025\/04\/BTCSugarDating.png?fit=557%2C64&ssl=1","type":"image\/png"}],"twitter_card":"summary_large_image","twitter_site":"@BTCSugarDating","twitter_misc":{"Tiempo de lectura":"5 minutos"},"schema":{"@context":"https:\/\/schema.org","@graph":[{"@type":"WebPage","@id":"https:\/\/www.btcsugardating.com\/es\/politica-de-privacidad\/","url":"https:\/\/www.btcsugardating.com\/es\/politica-de-privacidad\/","name":"Pol\u00edtica de privacidad - BTC Sugar Dating","isPartOf":{"@id":"https:\/\/www.btcsugardating.com\/#website"},"datePublished":"2025-01-08T05:11:35+00:00","dateModified":"2025-05-19T00:59:05+00:00","breadcrumb":{"@id":"https:\/\/www.btcsugardating.com\/es\/politica-de-privacidad\/#breadcrumb"},"inLanguage":"es","potentialAction":[{"@type":"ReadAction","target":["https:\/\/www.btcsugardating.com\/es\/politica-de-privacidad\/"]}]},{"@type":"BreadcrumbList","@id":"https:\/\/www.btcsugardating.com\/es\/politica-de-privacidad\/#breadcrumb","itemListElement":[{"@type":"ListItem","position":1,"name":"Home","item":"https:\/\/www.btcsugardating.com\/es\/citas-sugar-daddy-premium-con-privacidad-y-riqueza-verificadadescripcion\/"},{"@type":"ListItem","position":2,"name":"Pol\u00edtica de privacidad"}]},{"@type":"WebSite","@id":"https:\/\/www.btcsugardating.com\/#website","url":"https:\/\/www.btcsugardating.com\/","name":"BTC Sugar Dating","description":"Premium Sugar Daddy Dating with Privacy &amp; Verified Wealth","publisher":{"@id":"https:\/\/www.btcsugardating.com\/#organization"},"potentialAction":[{"@type":"SearchAction","target":{"@type":"EntryPoint","urlTemplate":"https:\/\/www.btcsugardating.com\/?s={search_term_string}"},"query-input":{"@type":"PropertyValueSpecification","valueRequired":true,"valueName":"search_term_string"}}],"inLanguage":"es"},{"@type":"Organization","@id":"https:\/\/www.btcsugardating.com\/#organization","name":"btc holders","url":"https:\/\/www.btcsugardating.com\/","logo":{"@type":"ImageObject","inLanguage":"es","@id":"https:\/\/www.btcsugardating.com\/#\/schema\/logo\/image\/","url":"https:\/\/i0.wp.com\/www.btcsugardating.com\/wp-content\/uploads\/2025\/01\/cropped-1BTCHoldersClub.png?fit=557%2C51&ssl=1","contentUrl":"https:\/\/i0.wp.com\/www.btcsugardating.com\/wp-content\/uploads\/2025\/01\/cropped-1BTCHoldersClub.png?fit=557%2C51&ssl=1","width":557,"height":51,"caption":"btc holders"},"image":{"@id":"https:\/\/www.btcsugardating.com\/#\/schema\/logo\/image\/"},"sameAs":["https:\/\/x.com\/BTCSugarDating"]}]}},"jetpack_sharing_enabled":true,"_links":{"self":[{"href":"https:\/\/www.btcsugardating.com\/es\/wp-json\/wp\/v2\/pages\/6884","targetHints":{"allow":["GET"]}}],"collection":[{"href":"https:\/\/www.btcsugardating.com\/es\/wp-json\/wp\/v2\/pages"}],"about":[{"href":"https:\/\/www.btcsugardating.com\/es\/wp-json\/wp\/v2\/types\/page"}],"author":[{"embeddable":true,"href":"https:\/\/www.btcsugardating.com\/es\/wp-json\/wp\/v2\/users\/1"}],"replies":[{"embeddable":true,"href":"https:\/\/www.btcsugardating.com\/es\/wp-json\/wp\/v2\/comments?post=6884"}],"version-history":[{"count":1,"href":"https:\/\/www.btcsugardating.com\/es\/wp-json\/wp\/v2\/pages\/6884\/revisions"}],"predecessor-version":[{"id":6885,"href":"https:\/\/www.btcsugardating.com\/es\/wp-json\/wp\/v2\/pages\/6884\/revisions\/6885"}],"wp:attachment":[{"href":"https:\/\/www.btcsugardating.com\/es\/wp-json\/wp\/v2\/media?parent=6884"}],"curies":[{"name":"wp","href":"https:\/\/api.w.org\/{rel}","templated":true}]}}