{"id":7533,"date":"2024-02-12T11:46:08","date_gmt":"2024-02-12T11:46:08","guid":{"rendered":"https:\/\/www.btcsugardating.com\/travaux\/"},"modified":"2025-06-11T02:37:41","modified_gmt":"2025-06-11T02:37:41","slug":"travaux","status":"publish","type":"page","link":"https:\/\/www.btcsugardating.com\/fr\/travaux\/","title":{"rendered":"Travaux"},"content":{"rendered":"\t\t<div data-elementor-type=\"wp-page\" data-elementor-id=\"7533\" class=\"elementor elementor-7533 elementor-604\">\n\t\t\t\t<div class=\"elementor-element elementor-element-e3d2a71 e-flex e-con-boxed e-con e-parent\" data-id=\"e3d2a71\" data-element_type=\"container\" data-settings=\"{&quot;background_background&quot;:&quot;classic&quot;}\">\n\t\t\t\t\t<div class=\"e-con-inner\">\n\t\t<div class=\"elementor-element elementor-element-5037efd e-con-full e-flex e-con e-child\" data-id=\"5037efd\" data-element_type=\"container\">\n\t\t\t\t<div class=\"elementor-element elementor-element-22860d4 owp-p-shape dark no-margin elementor-widget__width-auto elementor-widget elementor-widget-heading\" data-id=\"22860d4\" data-element_type=\"widget\" data-widget_type=\"heading.default\">\n\t\t\t\t<div class=\"elementor-widget-container\">\n\t\t\t\t\t<p class=\"elementor-heading-title elementor-size-default\">D\u00e9couvrez de nouvelles exp\u00e9riences<\/p>\t\t\t\t<\/div>\n\t\t\t\t<\/div>\n\t\t\t\t<div class=\"elementor-element elementor-element-382816e elementor-widget elementor-widget-heading\" data-id=\"382816e\" data-element_type=\"widget\" data-widget_type=\"heading.default\">\n\t\t\t\t<div class=\"elementor-widget-container\">\n\t\t\t\t\t<h1 class=\"elementor-heading-title elementor-size-default\">Comment \u00e7a marche\n<\/h1>\t\t\t\t<\/div>\n\t\t\t\t<\/div>\n\t\t\t\t<div class=\"elementor-element elementor-element-ee88706 elementor-widget elementor-widget-heading\" data-id=\"ee88706\" data-element_type=\"widget\" data-widget_type=\"heading.default\">\n\t\t\t\t<div class=\"elementor-widget-container\">\n\t\t\t\t\t<p class=\"elementor-heading-title elementor-size-default\">BTC Sugar Dating est le premier r\u00e9seau exclusif reliant des professionnels accomplis et des personnalit\u00e9s distingu\u00e9es. L'inscription est gratuite, mais votre exp\u00e9rience est d\u00e9finie par votre contribution \u00e0 cette communaut\u00e9 d'\u00e9lite. Pour ceux qui recherchent des relations exceptionnelles, la v\u00e9ritable valeur ajout\u00e9e va au-del\u00e0 des r\u00e9ussites financi\u00e8res. Nous privil\u00e9gions le d\u00e9veloppement de relations enrichissantes, fond\u00e9es sur la r\u00e9ussite partag\u00e9e et l'\u00e9panouissement mutuel. Nos membres distingu\u00e9s comprennent que pour cr\u00e9er un style de vie exceptionnel, il faut respecter les plus hauts standards de qualit\u00e9 et de raffinement. Commencez votre aventure avec BTC Sugar Dating : quand l'excellence rencontre l'opportunit\u00e9.   \n\n<\/p>\t\t\t\t<\/div>\n\t\t\t\t<\/div>\n\t\t\t\t<div class=\"elementor-element elementor-element-6ea6fae elementor-align-center elementor-widget elementor-widget-button\" data-id=\"6ea6fae\" data-element_type=\"widget\" data-widget_type=\"button.default\">\n\t\t\t\t<div class=\"elementor-widget-container\">\n\t\t\t\t\t\t\t\t\t<div class=\"elementor-button-wrapper\">\n\t\t\t\t\t<a class=\"elementor-button elementor-button-link elementor-size-sm elementor-animation-float\" href=\"https:\/\/m.btcsugardating.com\/#\/\">\n\t\t\t\t\t\t<span class=\"elementor-button-content-wrapper\">\n\t\t\t\t\t\t\t\t\t<span class=\"elementor-button-text\">REJOIGNEZ-NOUS MAINTENANT<\/span>\n\t\t\t\t\t<\/span>\n\t\t\t\t\t<\/a>\n\t\t\t\t<\/div>\n\t\t\t\t\t\t\t\t<\/div>\n\t\t\t\t<\/div>\n\t\t\t\t<\/div>\n\t\t\t\t\t<\/div>\n\t\t\t\t<\/div>\n\t\t<div class=\"elementor-element elementor-element-e50a34d e-flex e-con-boxed e-con e-parent\" data-id=\"e50a34d\" data-element_type=\"container\" data-settings=\"{&quot;background_background&quot;:&quot;classic&quot;}\">\n\t\t\t\t\t<div class=\"e-con-inner\">\n\t\t<div class=\"elementor-element elementor-element-a7016e4 e-con-full e-flex e-con e-child\" data-id=\"a7016e4\" data-element_type=\"container\">\n\t\t\t\t<div class=\"elementor-element elementor-element-1276d0a elementor-widget__width-initial elementor-widget elementor-widget-heading\" data-id=\"1276d0a\" data-element_type=\"widget\" data-widget_type=\"heading.default\">\n\t\t\t\t<div class=\"elementor-widget-container\">\n\t\t\t\t\t<h2 class=\"elementor-heading-title elementor-size-default\">COMMENCER PAR LE BTC SUGAR DATING<\/h2>\t\t\t\t<\/div>\n\t\t\t\t<\/div>\n\t\t<div class=\"elementor-element elementor-element-040ef3b e-con-full e-flex e-con e-child\" data-id=\"040ef3b\" data-element_type=\"container\">\n\t\t\t\t<div class=\"elementor-element elementor-element-f66e644 elementor-widget elementor-widget-heading\" data-id=\"f66e644\" data-element_type=\"widget\" data-widget_type=\"heading.default\">\n\t\t\t\t<div class=\"elementor-widget-container\">\n\t\t\t\t\t<h3 class=\"elementor-heading-title elementor-size-default\">1) R\u00e9digez votre histoire authentique<\/h3>\t\t\t\t<\/div>\n\t\t\t\t<\/div>\n\t\t\t\t<div class=\"elementor-element elementor-element-c5ea548 elementor-widget elementor-widget-heading\" data-id=\"c5ea548\" data-element_type=\"widget\" data-widget_type=\"heading.default\">\n\t\t\t\t<div class=\"elementor-widget-container\">\n\t\t\t\t\t<p class=\"elementor-heading-title elementor-size-default\">L'excellence attire l'excellence. Cr\u00e9ez un profil qui refl\u00e8te fid\u00e8lement vos r\u00e9alisations, vos aspirations et ce que vous recherchez en mati\u00e8re de relations enrichissantes. Un profil complet mettant en valeur vos qualit\u00e9s et vos attentes uniques attirera des personnes partageant votre vision du succ\u00e8s.  <\/p>\t\t\t\t<\/div>\n\t\t\t\t<\/div>\n\t\t\t\t<div class=\"elementor-element elementor-element-4e09cbd elementor-widget elementor-widget-heading\" data-id=\"4e09cbd\" data-element_type=\"widget\" data-widget_type=\"heading.default\">\n\t\t\t\t<div class=\"elementor-widget-container\">\n\t\t\t\t\t<h3 class=\"elementor-heading-title elementor-size-default\">2) Mettez en valeur votre style de vie<\/h3>\t\t\t\t<\/div>\n\t\t\t\t<\/div>\n\t\t\t\t<div class=\"elementor-element elementor-element-f53e093 elementor-widget elementor-widget-heading\" data-id=\"f53e093\" data-element_type=\"widget\" data-widget_type=\"heading.default\">\n\t\t\t\t<div class=\"elementor-widget-container\">\n\t\t\t\t\t<p class=\"elementor-heading-title elementor-size-default\">Votre pr\u00e9sence m\u00e9rite d'\u00eatre repr\u00e9sent\u00e9e par des images soigneusement s\u00e9lectionn\u00e9es. Commencez par un portrait r\u00e9cent et clair, incarnant assurance et authenticit\u00e9. Sublimez votre profil avec des photos s\u00e9lectionn\u00e9es qui illustrent votre style de vie raffin\u00e9 : des voyages internationaux aux \u00e9v\u00e9nements prestigieux, chaque image doit refl\u00e9ter la sophistication qui vous d\u00e9finit.  <\/p>\t\t\t\t<\/div>\n\t\t\t\t<\/div>\n\t\t\t\t<div class=\"elementor-element elementor-element-ca8d374 elementor-widget elementor-widget-heading\" data-id=\"ca8d374\" data-element_type=\"widget\" data-widget_type=\"heading.default\">\n\t\t\t\t<div class=\"elementor-widget-container\">\n\t\t\t\t\t<h3 class=\"elementor-heading-title elementor-size-default\">3) Commencez votre voyage<\/h3>\t\t\t\t<\/div>\n\t\t\t\t<\/div>\n\t\t\t\t<div class=\"elementor-element elementor-element-c95ecfe elementor-widget elementor-widget-heading\" data-id=\"c95ecfe\" data-element_type=\"widget\" data-widget_type=\"heading.default\">\n\t\t\t\t<div class=\"elementor-widget-container\">\n\t\t\t\t\t<p class=\"elementor-heading-title elementor-size-default\">Explorez votre profil pendant sa v\u00e9rification. Utilisez nos filtres avanc\u00e9s pour trouver des profils qui correspondent \u00e0 vos pr\u00e9f\u00e9rences. Notre r\u00e9seau mondial de profils exceptionnels vous garantit des relations enrichissantes, que ce soit dans votre ville ou \u00e0 travers le monde.  <\/p>\t\t\t\t<\/div>\n\t\t\t\t<\/div>\n\t\t\t\t<div class=\"elementor-element elementor-element-9f8a693 elementor-widget elementor-widget-heading\" data-id=\"9f8a693\" data-element_type=\"widget\" data-widget_type=\"heading.default\">\n\t\t\t\t<div class=\"elementor-widget-container\">\n\t\t\t\t\t<h3 class=\"elementor-heading-title elementor-size-default\">4) S'engager aupr\u00e8s des membres \u00e9minents<\/h3>\t\t\t\t<\/div>\n\t\t\t\t<\/div>\n\t\t\t\t<div class=\"elementor-element elementor-element-0d3e98b elementor-widget elementor-widget-heading\" data-id=\"0d3e98b\" data-element_type=\"widget\" data-widget_type=\"heading.default\">\n\t\t\t\t<div class=\"elementor-widget-container\">\n\t\t\t\t\t<p class=\"elementor-heading-title elementor-size-default\">Apr\u00e8s v\u00e9rification, rejoignez notre communaut\u00e9 de personnes accomplies. Nous avons soigneusement cr\u00e9\u00e9 un environnement o\u00f9 r\u00e9ussite rime avec sophistication. Ici, chaque opportunit\u00e9 de connexion est sup\u00e9rieure aux rencontres conventionnelles, garantissant des interactions de haut niveau.  <\/p>\t\t\t\t<\/div>\n\t\t\t\t<\/div>\n\t\t\t\t<\/div>\n\t\t\t\t<\/div>\n\t\t\t\t\t<\/div>\n\t\t\t\t<\/div>\n\t\t\t\t<\/div>\n\t\t","protected":false},"excerpt":{"rendered":"<p>D\u00e9couvrez de nouvelles exp\u00e9riences Comment \u00e7a marche BTC Sugar Dating est le premier r\u00e9seau exclusif reliant des professionnels accomplis et des personnalit\u00e9s distingu\u00e9es. L&rsquo;inscription est gratuite, mais votre exp\u00e9rience est d\u00e9finie par votre contribution \u00e0 cette communaut\u00e9 d&rsquo;\u00e9lite. Pour ceux qui recherchent des relations exceptionnelles, la v\u00e9ritable valeur ajout\u00e9e va au-del\u00e0 des r\u00e9ussites financi\u00e8res. Nous [&hellip;]<\/p>\n","protected":false},"author":1,"featured_media":0,"parent":0,"menu_order":0,"comment_status":"closed","ping_status":"closed","template":"","meta":{"_monsterinsights_skip_tracking":false,"_monsterinsights_sitenote_active":false,"_monsterinsights_sitenote_note":"","_monsterinsights_sitenote_category":0,"_uf_show_specific_survey":0,"_uf_disable_surveys":false,"ocean_post_layout":"full-screen","ocean_both_sidebars_style":"","ocean_both_sidebars_content_width":0,"ocean_both_sidebars_sidebars_width":0,"ocean_sidebar":"","ocean_second_sidebar":"","ocean_disable_margins":"enable","ocean_add_body_class":"","ocean_shortcode_before_top_bar":"","ocean_shortcode_after_top_bar":"","ocean_shortcode_before_header":"","ocean_shortcode_after_header":"","ocean_has_shortcode":"","ocean_shortcode_after_title":"","ocean_shortcode_before_footer_widgets":"","ocean_shortcode_after_footer_widgets":"","ocean_shortcode_before_footer_bottom":"","ocean_shortcode_after_footer_bottom":"","ocean_display_top_bar":"default","ocean_display_header":"default","ocean_header_style":"","ocean_center_header_left_menu":"","ocean_custom_header_template":"","ocean_custom_logo":0,"ocean_custom_retina_logo":0,"ocean_custom_logo_max_width":0,"ocean_custom_logo_tablet_max_width":0,"ocean_custom_logo_mobile_max_width":0,"ocean_custom_logo_max_height":0,"ocean_custom_logo_tablet_max_height":0,"ocean_custom_logo_mobile_max_height":0,"ocean_header_custom_menu":"","ocean_menu_typo_font_family":"","ocean_menu_typo_font_subset":"","ocean_menu_typo_font_size":0,"ocean_menu_typo_font_size_tablet":0,"ocean_menu_typo_font_size_mobile":0,"ocean_menu_typo_font_size_unit":"px","ocean_menu_typo_font_weight":"","ocean_menu_typo_font_weight_tablet":"","ocean_menu_typo_font_weight_mobile":"","ocean_menu_typo_transform":"","ocean_menu_typo_transform_tablet":"","ocean_menu_typo_transform_mobile":"","ocean_menu_typo_line_height":0,"ocean_menu_typo_line_height_tablet":0,"ocean_menu_typo_line_height_mobile":0,"ocean_menu_typo_line_height_unit":"","ocean_menu_typo_spacing":0,"ocean_menu_typo_spacing_tablet":0,"ocean_menu_typo_spacing_mobile":0,"ocean_menu_typo_spacing_unit":"","ocean_menu_link_color":"","ocean_menu_link_color_hover":"","ocean_menu_link_color_active":"","ocean_menu_link_background":"","ocean_menu_link_hover_background":"","ocean_menu_link_active_background":"","ocean_menu_social_links_bg":"","ocean_menu_social_hover_links_bg":"","ocean_menu_social_links_color":"","ocean_menu_social_hover_links_color":"","ocean_disable_title":"on","ocean_disable_heading":"on","ocean_post_title":"","ocean_post_subheading":"","ocean_post_title_style":"","ocean_post_title_background_color":"","ocean_post_title_background":0,"ocean_post_title_bg_image_position":"","ocean_post_title_bg_image_attachment":"","ocean_post_title_bg_image_repeat":"","ocean_post_title_bg_image_size":"","ocean_post_title_height":0,"ocean_post_title_bg_overlay":0.5,"ocean_post_title_bg_overlay_color":"","ocean_disable_breadcrumbs":"off","ocean_breadcrumbs_color":"","ocean_breadcrumbs_separator_color":"","ocean_breadcrumbs_links_color":"","ocean_breadcrumbs_links_hover_color":"","ocean_display_footer_widgets":"default","ocean_display_footer_bottom":"default","ocean_custom_footer_template":"","ofc_enable_fullscreen":"disable","ofc_fullscreen_speed":0,"ofc_fullscreen_nav":"enable","ofc_fullscreen_nav_pos":"right","ofc_fullscreen_nav_color":"","ofc_fullscreen_nav_tooltip_color":"","ofc_fullscreen_responsive":0,"osh_disable_topbar_sticky":"default","osh_disable_header_sticky":"default","osh_sticky_header_style":"default","osh_sticky_header_effect":"","osh_custom_sticky_logo":0,"osh_custom_retina_sticky_logo":0,"osh_custom_sticky_logo_height":0,"osh_background_color":"","osh_links_color":"","osh_links_hover_color":"","osh_links_active_color":"","osh_links_bg_color":"","osh_links_hover_bg_color":"","osh_links_active_bg_color":"","osh_menu_social_links_color":"","osh_menu_social_hover_links_color":"","jetpack_post_was_ever_published":false,"footnotes":""},"class_list":["post-7533","page","type-page","status-publish","hentry","entry"],"yoast_head":"<!-- This site is optimized with the Yoast SEO plugin v24.9 - https:\/\/yoast.com\/wordpress\/plugins\/seo\/ -->\n<title>Travaux - BTC Sugar Dating<\/title>\n<meta name=\"robots\" content=\"index, follow, max-snippet:-1, max-image-preview:large, max-video-preview:-1\" \/>\n<link rel=\"canonical\" href=\"https:\/\/www.btcsugardating.com\/fr\/travaux\/\" \/>\n<meta property=\"og:locale\" content=\"fr_FR\" \/>\n<meta property=\"og:type\" content=\"article\" \/>\n<meta property=\"og:title\" content=\"Travaux - BTC Sugar Dating\" \/>\n<meta property=\"og:description\" content=\"D\u00e9couvrez de nouvelles exp\u00e9riences Comment \u00e7a marche BTC Sugar Dating est le premier r\u00e9seau exclusif reliant des professionnels accomplis et des personnalit\u00e9s distingu\u00e9es. L&rsquo;inscription est gratuite, mais votre exp\u00e9rience est d\u00e9finie par votre contribution \u00e0 cette communaut\u00e9 d&rsquo;\u00e9lite. Pour ceux qui recherchent des relations exceptionnelles, la v\u00e9ritable valeur ajout\u00e9e va au-del\u00e0 des r\u00e9ussites financi\u00e8res. Nous [&hellip;]\" \/>\n<meta property=\"og:url\" content=\"https:\/\/www.btcsugardating.com\/fr\/travaux\/\" \/>\n<meta property=\"og:site_name\" content=\"BTC Sugar Dating\" \/>\n<meta property=\"article:modified_time\" content=\"2025-06-11T02:37:41+00:00\" \/>\n<meta property=\"og:image\" content=\"https:\/\/i0.wp.com\/www.btcsugardating.com\/wp-content\/uploads\/2025\/04\/BTCSugarDating.png?fit=557%2C64&ssl=1\" \/>\n\t<meta property=\"og:image:width\" content=\"557\" \/>\n\t<meta property=\"og:image:height\" content=\"64\" \/>\n\t<meta property=\"og:image:type\" content=\"image\/png\" \/>\n<meta name=\"twitter:card\" content=\"summary_large_image\" \/>\n<meta name=\"twitter:site\" content=\"@BTCSugarDating\" \/>\n<meta name=\"twitter:label1\" content=\"Dur\u00e9e de lecture estim\u00e9e\" \/>\n\t<meta name=\"twitter:data1\" content=\"2 minutes\" \/>\n<script type=\"application\/ld+json\" class=\"yoast-schema-graph\">{\"@context\":\"https:\/\/schema.org\",\"@graph\":[{\"@type\":\"WebPage\",\"@id\":\"https:\/\/www.btcsugardating.com\/fr\/travaux\/\",\"url\":\"https:\/\/www.btcsugardating.com\/fr\/travaux\/\",\"name\":\"Travaux - BTC Sugar Dating\",\"isPartOf\":{\"@id\":\"https:\/\/www.btcsugardating.com\/#website\"},\"datePublished\":\"2024-02-12T11:46:08+00:00\",\"dateModified\":\"2025-06-11T02:37:41+00:00\",\"breadcrumb\":{\"@id\":\"https:\/\/www.btcsugardating.com\/fr\/travaux\/#breadcrumb\"},\"inLanguage\":\"fr-FR\",\"potentialAction\":[{\"@type\":\"ReadAction\",\"target\":[\"https:\/\/www.btcsugardating.com\/fr\/travaux\/\"]}]},{\"@type\":\"BreadcrumbList\",\"@id\":\"https:\/\/www.btcsugardating.com\/fr\/travaux\/#breadcrumb\",\"itemListElement\":[{\"@type\":\"ListItem\",\"position\":1,\"name\":\"Home\",\"item\":\"https:\/\/www.btcsugardating.com\/fr\/premium-sugar-daddy-dating-with-privacy-verified-wealth\/\"},{\"@type\":\"ListItem\",\"position\":2,\"name\":\"Travaux\"}]},{\"@type\":\"WebSite\",\"@id\":\"https:\/\/www.btcsugardating.com\/#website\",\"url\":\"https:\/\/www.btcsugardating.com\/\",\"name\":\"BTC Sugar Dating\",\"description\":\"Premium Sugar Daddy Dating with Privacy &amp; Verified Wealth\",\"publisher\":{\"@id\":\"https:\/\/www.btcsugardating.com\/#organization\"},\"potentialAction\":[{\"@type\":\"SearchAction\",\"target\":{\"@type\":\"EntryPoint\",\"urlTemplate\":\"https:\/\/www.btcsugardating.com\/?s={search_term_string}\"},\"query-input\":{\"@type\":\"PropertyValueSpecification\",\"valueRequired\":true,\"valueName\":\"search_term_string\"}}],\"inLanguage\":\"fr-FR\"},{\"@type\":\"Organization\",\"@id\":\"https:\/\/www.btcsugardating.com\/#organization\",\"name\":\"btc holders\",\"url\":\"https:\/\/www.btcsugardating.com\/\",\"logo\":{\"@type\":\"ImageObject\",\"inLanguage\":\"fr-FR\",\"@id\":\"https:\/\/www.btcsugardating.com\/#\/schema\/logo\/image\/\",\"url\":\"https:\/\/i0.wp.com\/www.btcsugardating.com\/wp-content\/uploads\/2025\/01\/cropped-1BTCHoldersClub.png?fit=557%2C51&ssl=1\",\"contentUrl\":\"https:\/\/i0.wp.com\/www.btcsugardating.com\/wp-content\/uploads\/2025\/01\/cropped-1BTCHoldersClub.png?fit=557%2C51&ssl=1\",\"width\":557,\"height\":51,\"caption\":\"btc holders\"},\"image\":{\"@id\":\"https:\/\/www.btcsugardating.com\/#\/schema\/logo\/image\/\"},\"sameAs\":[\"https:\/\/x.com\/BTCSugarDating\"]}]}<\/script>\n<!-- \/ Yoast SEO plugin. -->","yoast_head_json":{"title":"Travaux - BTC Sugar Dating","robots":{"index":"index","follow":"follow","max-snippet":"max-snippet:-1","max-image-preview":"max-image-preview:large","max-video-preview":"max-video-preview:-1"},"canonical":"https:\/\/www.btcsugardating.com\/fr\/travaux\/","og_locale":"fr_FR","og_type":"article","og_title":"Travaux - BTC Sugar Dating","og_description":"D\u00e9couvrez de nouvelles exp\u00e9riences Comment \u00e7a marche BTC Sugar Dating est le premier r\u00e9seau exclusif reliant des professionnels accomplis et des personnalit\u00e9s distingu\u00e9es. L&rsquo;inscription est gratuite, mais votre exp\u00e9rience est d\u00e9finie par votre contribution \u00e0 cette communaut\u00e9 d&rsquo;\u00e9lite. Pour ceux qui recherchent des relations exceptionnelles, la v\u00e9ritable valeur ajout\u00e9e va au-del\u00e0 des r\u00e9ussites financi\u00e8res. Nous [&hellip;]","og_url":"https:\/\/www.btcsugardating.com\/fr\/travaux\/","og_site_name":"BTC Sugar Dating","article_modified_time":"2025-06-11T02:37:41+00:00","og_image":[{"width":557,"height":64,"url":"https:\/\/i0.wp.com\/www.btcsugardating.com\/wp-content\/uploads\/2025\/04\/BTCSugarDating.png?fit=557%2C64&ssl=1","type":"image\/png"}],"twitter_card":"summary_large_image","twitter_site":"@BTCSugarDating","twitter_misc":{"Dur\u00e9e de lecture estim\u00e9e":"2 minutes"},"schema":{"@context":"https:\/\/schema.org","@graph":[{"@type":"WebPage","@id":"https:\/\/www.btcsugardating.com\/fr\/travaux\/","url":"https:\/\/www.btcsugardating.com\/fr\/travaux\/","name":"Travaux - BTC Sugar Dating","isPartOf":{"@id":"https:\/\/www.btcsugardating.com\/#website"},"datePublished":"2024-02-12T11:46:08+00:00","dateModified":"2025-06-11T02:37:41+00:00","breadcrumb":{"@id":"https:\/\/www.btcsugardating.com\/fr\/travaux\/#breadcrumb"},"inLanguage":"fr-FR","potentialAction":[{"@type":"ReadAction","target":["https:\/\/www.btcsugardating.com\/fr\/travaux\/"]}]},{"@type":"BreadcrumbList","@id":"https:\/\/www.btcsugardating.com\/fr\/travaux\/#breadcrumb","itemListElement":[{"@type":"ListItem","position":1,"name":"Home","item":"https:\/\/www.btcsugardating.com\/fr\/premium-sugar-daddy-dating-with-privacy-verified-wealth\/"},{"@type":"ListItem","position":2,"name":"Travaux"}]},{"@type":"WebSite","@id":"https:\/\/www.btcsugardating.com\/#website","url":"https:\/\/www.btcsugardating.com\/","name":"BTC Sugar Dating","description":"Premium Sugar Daddy Dating with Privacy &amp; Verified Wealth","publisher":{"@id":"https:\/\/www.btcsugardating.com\/#organization"},"potentialAction":[{"@type":"SearchAction","target":{"@type":"EntryPoint","urlTemplate":"https:\/\/www.btcsugardating.com\/?s={search_term_string}"},"query-input":{"@type":"PropertyValueSpecification","valueRequired":true,"valueName":"search_term_string"}}],"inLanguage":"fr-FR"},{"@type":"Organization","@id":"https:\/\/www.btcsugardating.com\/#organization","name":"btc holders","url":"https:\/\/www.btcsugardating.com\/","logo":{"@type":"ImageObject","inLanguage":"fr-FR","@id":"https:\/\/www.btcsugardating.com\/#\/schema\/logo\/image\/","url":"https:\/\/i0.wp.com\/www.btcsugardating.com\/wp-content\/uploads\/2025\/01\/cropped-1BTCHoldersClub.png?fit=557%2C51&ssl=1","contentUrl":"https:\/\/i0.wp.com\/www.btcsugardating.com\/wp-content\/uploads\/2025\/01\/cropped-1BTCHoldersClub.png?fit=557%2C51&ssl=1","width":557,"height":51,"caption":"btc holders"},"image":{"@id":"https:\/\/www.btcsugardating.com\/#\/schema\/logo\/image\/"},"sameAs":["https:\/\/x.com\/BTCSugarDating"]}]}},"jetpack_sharing_enabled":true,"_links":{"self":[{"href":"https:\/\/www.btcsugardating.com\/fr\/wp-json\/wp\/v2\/pages\/7533","targetHints":{"allow":["GET"]}}],"collection":[{"href":"https:\/\/www.btcsugardating.com\/fr\/wp-json\/wp\/v2\/pages"}],"about":[{"href":"https:\/\/www.btcsugardating.com\/fr\/wp-json\/wp\/v2\/types\/page"}],"author":[{"embeddable":true,"href":"https:\/\/www.btcsugardating.com\/fr\/wp-json\/wp\/v2\/users\/1"}],"replies":[{"embeddable":true,"href":"https:\/\/www.btcsugardating.com\/fr\/wp-json\/wp\/v2\/comments?post=7533"}],"version-history":[{"count":1,"href":"https:\/\/www.btcsugardating.com\/fr\/wp-json\/wp\/v2\/pages\/7533\/revisions"}],"predecessor-version":[{"id":7535,"href":"https:\/\/www.btcsugardating.com\/fr\/wp-json\/wp\/v2\/pages\/7533\/revisions\/7535"}],"wp:attachment":[{"href":"https:\/\/www.btcsugardating.com\/fr\/wp-json\/wp\/v2\/media?parent=7533"}],"curies":[{"name":"wp","href":"https:\/\/api.w.org\/{rel}","templated":true}]}}