{"id":6872,"date":"2025-01-08T05:11:35","date_gmt":"2025-01-08T05:11:35","guid":{"rendered":"https:\/\/www.btcsugardating.com\/politica-de-privacidade\/"},"modified":"2025-05-19T00:58:52","modified_gmt":"2025-05-19T00:58:52","slug":"politica-de-privacidade","status":"publish","type":"page","link":"https:\/\/www.btcsugardating.com\/pt-pt\/politica-de-privacidade\/","title":{"rendered":"Pol\u00edtica de privacidade"},"content":{"rendered":"\t\t<div data-elementor-type=\"wp-page\" data-elementor-id=\"6872\" class=\"elementor elementor-6872 elementor-3\">\n\t\t\t\t<div class=\"elementor-element elementor-element-579ff3cd e-flex e-con-boxed e-con e-parent\" data-id=\"579ff3cd\" data-element_type=\"container\">\n\t\t\t\t\t<div class=\"e-con-inner\">\n\t\t\t\t<div class=\"elementor-element elementor-element-5e640ff0 elementor-widget elementor-widget-text-editor\" data-id=\"5e640ff0\" data-element_type=\"widget\" data-widget_type=\"text-editor.default\">\n\t\t\t\t<div class=\"elementor-widget-container\">\n\t\t\t\t\t\t\t\t\t<h1>&nbsp;<\/h1>\n<h1>&nbsp;<\/h1>\n<h1 class=\"wp-block-heading\">O NOSSO COMPROMISSO<\/h1>\n<p>A [Nome da Plataforma] (&#8220;Plataforma&#8221;), que \u00e9 operada pela [Nome da Empresa] (&#8220;Empresa&#8221;) e pelas suas empresas afiliadas, respeita a tua privacidade. Estamos empenhados em proteger a privacidade dos nossos utilizadores e em proporcionar uma experi\u00eancia de utiliza\u00e7\u00e3o segura e protegida. Esta pol\u00edtica detalha a forma como os dados sobre ti s\u00e3o recolhidos, utilizados e partilhados quando acedes aos nossos s\u00edtios Web e aplica\u00e7\u00f5es m\u00f3veis ou interages com os nossos servi\u00e7os (coletivamente, os &#8220;Servi\u00e7os&#8221;).  <\/p>\n<h2>&nbsp;<\/h2>\n<h1 class=\"wp-block-heading\">APLICABILIDADE DA POL\u00cdTICA DE PRIVACIDADE<\/h1>\n<p>Esta pol\u00edtica de privacidade aplica-se a todas as informa\u00e7\u00f5es que recolhemos atrav\u00e9s das nossas aplica\u00e7\u00f5es web e m\u00f3veis de actuais e antigos utilizadores e visitantes da Plataforma. Quando j\u00e1 n\u00e3o fores nosso cliente, continuaremos a partilhar as tuas informa\u00e7\u00f5es conforme descrito nesta pol\u00edtica. Esta pol\u00edtica aplica-se apenas aos nossos Servi\u00e7os e n\u00e3o se aplica \u00e0s pr\u00e1ticas de qualquer outro servi\u00e7o.  <\/p>\n<h2>&nbsp;<\/h2>\n<h1 class=\"wp-block-heading\">EMPRESAS AFILIADAS<\/h1>\n<p>A Empresa est\u00e1 associada a v\u00e1rias entidades, incluindo:<\/p>\n<p>empresas associadas 1<\/p>\n<p>empresas associadas 2<\/p>\n<h2>&nbsp;<\/h2>\n<h1 class=\"wp-block-heading\">INFORMA\u00c7\u00d5ES RECOLHIDAS<\/h1>\n<h3>Informa\u00e7\u00f5es pessoais<\/h3>\n<p>Quando utilizas os nossos Servi\u00e7os, podemos recolher:<\/p>\n<p>&#8211; Informa\u00e7\u00f5es b\u00e1sicas: nome, endere\u00e7o de correio eletr\u00f3nico, n\u00fameros de telefone<\/p>\n<p>&#8211; Informa\u00e7\u00f5es do perfil: fotos, profiss\u00e3o, interesses, prefer\u00eancias<\/p>\n<p>&#8211; Verifica\u00e7\u00e3o da identidade: documentos necess\u00e1rios para efeitos de verifica\u00e7\u00e3o<\/p>\n<p>&#8211; Informa\u00e7\u00f5es financeiras: informa\u00e7\u00f5es sobre o cart\u00e3o de cr\u00e9dito para servi\u00e7os premium<\/p>\n<p>&#8211; Dados de comunica\u00e7\u00e3o: mensagens, intera\u00e7\u00f5es com outros utilizadores<\/p><p><br><\/p>\n<h4>Informa\u00e7\u00f5es recolhidas automaticamente<\/h4>\n<p>Os nossos sistemas recolhem automaticamente:<\/p>\n<p>&#8211; Dados t\u00e9cnicos: Endere\u00e7o IP, tipo de browser, informa\u00e7\u00f5es do dispositivo<\/p>\n<p>&#8211; Dados de utiliza\u00e7\u00e3o: tempos de acesso, funcionalidades utilizadas, padr\u00f5es de atividade<\/p>\n<p>&#8211; Dados de localiza\u00e7\u00e3o: localiza\u00e7\u00e3o geral com base no endere\u00e7o IP<\/p>\n<p>&#8211; Dados de cookies: conforme descrito na nossa Pol\u00edtica de Cookies<\/p>\n<h2>&nbsp;<\/h2>\n<h1 class=\"wp-block-heading\">COMO UTILIZAMOS AS TUAS INFORMA\u00c7\u00d5ES<\/h1>\n<p>Utilizamos as informa\u00e7\u00f5es recolhidas para:<\/p>\n<p>&#8211; Fornecer e manter os Servi\u00e7os<\/p>\n<p>&#8211; Verifica a identidade do utilizador e evita fraudes<\/p>\n<p>&#8211; Processa transac\u00e7\u00f5es e pagamentos<\/p>\n<p>&#8211; Personaliza a experi\u00eancia do utilizador<\/p>\n<p>&#8211; Prestar apoio ao cliente<\/p>\n<p>&#8211; Envia actualiza\u00e7\u00f5es e notifica\u00e7\u00f5es de servi\u00e7o<\/p>\n<p>&#8211; Comunica sobre novas funcionalidades ou promo\u00e7\u00f5es<\/p>\n<p>&#8211; Analisa os padr\u00f5es de utiliza\u00e7\u00e3o e melhora os servi\u00e7os<\/p>\n<p>&#8211; Garante a seguran\u00e7a e a prote\u00e7\u00e3o da plataforma<\/p>\n<p>&#8211; Cumpre as obriga\u00e7\u00f5es legais<\/p>\n<h2>&nbsp;<\/h2>\n<h1 class=\"wp-block-heading\">PROTEC\u00c7\u00c3O E ARMAZENAMENTO DE DADOS<\/h1>\n<p>Implementamos medidas de seguran\u00e7a robustas, incluindo:<\/p>\n<p>&#8211; Encripta\u00e7\u00e3o SSL para transmiss\u00e3o de dados<\/p>\n<p>&#8211; Sistemas seguros de armazenamento de dados<\/p>\n<p>&#8211; Protocolos de controlo de acesso<\/p>\n<p>&#8211; Avalia\u00e7\u00f5es de seguran\u00e7a regulares<\/p>\n<p>&#8211; Salvaguardas f\u00edsicas e t\u00e9cnicas<\/p>\n<h2>&nbsp;<\/h2>\n<h1 class=\"wp-block-heading\">PARTILHA DE INFORMA\u00c7\u00c3O<\/h1>\n<p>Quaisquer lit\u00edgios relacionados com a privacidade estar\u00e3o sujeitos a:<\/p>\n<p>&#8211; Lei de Singapura<\/p>\n<p>&#8211; Compet\u00eancia dos tribunais de Singapura<\/p>\n<p>&#8211; Arbitragem de acordo com os Termos de Servi\u00e7o<\/p>\n<h2>&nbsp;<\/h2>\n<h1 class=\"wp-block-heading\">COOKIES E RASTREIO<\/h1>\n<p>Quaisquer lit\u00edgios relacionados com a privacidade estar\u00e3o sujeitos a:<\/p>\n<p>&#8211; Lei de Singapura<\/p>\n<p>&#8211; Compet\u00eancia dos tribunais de Singapura<\/p>\n<p>&#8211; Arbitragem de acordo com os Termos de Servi\u00e7o<\/p>\n<h2>&nbsp;<\/h2>\n<h1 class=\"wp-block-heading\">TRANSFER\u00caNCIAS INTERNACIONAIS DE DADOS<\/h1>\n<p>Os nossos servi\u00e7os funcionam a n\u00edvel mundial. Ao utilizar os nossos Servi\u00e7os, consente que os seus dados sejam transferidos e processados em Singapura e noutros pa\u00edses. Asseguramos a exist\u00eancia de salvaguardas adequadas para transfer\u00eancias internacionais de dados.  <\/p>\n<h2>&nbsp;<\/h2>\n<h1>DIREITOS E OP\u00c7\u00d5ES DO UTILIZADOR<\/h1>\n<p>Tens o direito de:<\/p>\n<p>&#8211; Aceder \u00e0s tuas informa\u00e7\u00f5es pessoais<\/p>\n<p>&#8211; Corrige dados incorrectos<\/p>\n<p>&#8211; Solicita a elimina\u00e7\u00e3o de dados<\/p>\n<p>&#8211; Recusa as comunica\u00e7\u00f5es de marketing<\/p>\n<p>&#8211; Controla as defini\u00e7\u00f5es de privacidade<\/p>\n<p>&#8211; Exportar os teus dados<\/p>\n<p>&#8211; Restringe o tratamento de dados<\/p>\n<h2>&nbsp;<\/h2>\n<h1>CONTROLO E ACESSO DOS UTILIZADORES<\/h1>\n<p>Podes faz\u00ea-lo:<\/p>\n<p>&#8211; Actualiza as informa\u00e7\u00f5es da conta em qualquer altura<\/p>\n<p>&#8211; Altera as prefer\u00eancias de privacidade<\/p>\n<p>&#8211; Desiste de receber comunica\u00e7\u00f5es<\/p>\n<p>&#8211; Solicita a elimina\u00e7\u00e3o de dados<\/p>\n<p>&#8211; Controla as defini\u00e7\u00f5es de cookies<\/p>\n<h2>&nbsp;<\/h2>\n<h1>CONSERVA\u00c7\u00c3O DA INFORMA\u00c7\u00c3O<\/h1>\n<p>Conservamos as tuas informa\u00e7\u00f5es:<\/p>\n<p>&#8211; Enquanto a tua conta estiver ativa<\/p>\n<p>&#8211; Conforme necess\u00e1rio para prestar servi\u00e7os<\/p>\n<p>&#8211; Conforme exigido por lei<\/p>\n<p>&#8211; Para a preven\u00e7\u00e3o da fraude<\/p>\n<p>&#8211; Para fins comerciais leg\u00edtimos<\/p>\n<h2>&nbsp;<\/h2>\n<h1>RESPONS\u00c1VEL PELA PROTEC\u00c7\u00c3O DE DADOS<\/h1>\n<p>Para comunicares com o nosso respons\u00e1vel pela prote\u00e7\u00e3o de dados:<\/p>\n<p>Envia um e-mail:<\/p>\n<p>Endere\u00e7o:<\/p>\n<h2>&nbsp;<\/h2>\n<h1>ALTERA\u00c7\u00d5ES \u00c0 POL\u00cdTICA DE PRIVACIDADE<\/h1>\n<p>Podemos atualizar esta Pol\u00edtica de Privacidade periodicamente. As actualiza\u00e7\u00f5es ser\u00e3o publicadas na nossa plataforma com uma data de entrada em vigor revista. A utiliza\u00e7\u00e3o continuada dos nossos Servi\u00e7os ap\u00f3s as altera\u00e7\u00f5es constitui a aceita\u00e7\u00e3o da pol\u00edtica actualizada.  <\/p>\n<h2>&nbsp;<\/h2>\n<h1>CONTACTA-NOS<\/h1>\n<p>Para quest\u00f5es relacionadas com a privacidade:<\/p>\n<p>Envia um e-mail:<\/p>\n<p>Endere\u00e7o:<\/p>\n<p>Telefona:<\/p>\n<h2>&nbsp;<\/h2>\n<h1>MEDIDAS DE SEGURAN\u00c7A<\/h1>\n<p>Utilizamos medidas de seguran\u00e7a padr\u00e3o da ind\u00fastria:<\/p>\n<p>&#8211; Encripta\u00e7\u00e3o de dados sens\u00edveis<\/p>\n<p>&#8211; Infraestrutura de servidor segura<\/p>\n<p>&#8211; Auditorias de seguran\u00e7a regulares<\/p>\n<p>&#8211; Sistemas de controlo de acesso<\/p>\n<p>&#8211; Procedimentos de resposta a incidentes<\/p>\n<h2>&nbsp;<\/h2>\n<h1>DISPOSI\u00c7\u00d5ES ESPECIAIS<\/h1>\n<h2>Menores<\/h2>\n<p>N\u00e3o recolhemos intencionalmente informa\u00e7\u00f5es de pessoas com menos de 18 anos.<\/p><p><br><\/p>\n<h2>Jurisdi\u00e7\u00f5es especiais<\/h2>\n<p>&#8211; Cingapura: Cumpre os requisitos da PDPA<\/p>\n<p>&#8211; Utilizadores internacionais: Sujeito \u00e0s leis locais de prote\u00e7\u00e3o de dados<\/p>\n<p>&#8211; Transfer\u00eancias transfronteiri\u00e7as: Protegidas por salvaguardas adequadas<\/p><p><br><\/p>\n<h2>Transfer\u00eancias de empresas<\/h2>\n<p>Se a nossa empresa for adquirida ou fundida, as tuas informa\u00e7\u00f5es podem ser transferidas como parte dessa transa\u00e7\u00e3o.<\/p>\n<h2>&nbsp;<\/h2>\n<h1>RESOLU\u00c7\u00c3O DE LIT\u00cdGIOS<\/h1>\n<p>Quaisquer lit\u00edgios relacionados com a privacidade estar\u00e3o sujeitos a:<\/p>\n<p>&#8211; Lei de Singapura<\/p>\n<p>&#8211; Compet\u00eancia dos tribunais de Singapura<\/p>\n<p>&#8211; Arbitragem de acordo com os Termos de Servi\u00e7o<\/p>\n<p><br><\/p>\n<p><br><\/p>\n<p><br><\/p>\n<p><\/p>\t\t\t\t\t\t\t\t<\/div>\n\t\t\t\t<\/div>\n\t\t\t\t\t<\/div>\n\t\t\t\t<\/div>\n\t\t\t\t<\/div>\n\t\t","protected":false},"excerpt":{"rendered":"<p>&nbsp; &nbsp; O NOSSO COMPROMISSO A [Nome da Plataforma] (&#8220;Plataforma&#8221;), que \u00e9 operada pela [Nome da Empresa] (&#8220;Empresa&#8221;) e pelas suas empresas afiliadas, respeita a tua privacidade. Estamos empenhados em proteger a privacidade dos nossos utilizadores e em proporcionar uma experi\u00eancia de utiliza\u00e7\u00e3o segura e protegida. Esta pol\u00edtica detalha a forma como os dados sobre [&hellip;]<\/p>\n","protected":false},"author":1,"featured_media":0,"parent":0,"menu_order":0,"comment_status":"closed","ping_status":"closed","template":"","meta":{"_monsterinsights_skip_tracking":false,"_monsterinsights_sitenote_active":false,"_monsterinsights_sitenote_note":"","_monsterinsights_sitenote_category":0,"_uf_show_specific_survey":0,"_uf_disable_surveys":false,"ocean_post_layout":"","ocean_both_sidebars_style":"","ocean_both_sidebars_content_width":0,"ocean_both_sidebars_sidebars_width":0,"ocean_sidebar":"","ocean_second_sidebar":"","ocean_disable_margins":"enable","ocean_add_body_class":"","ocean_shortcode_before_top_bar":"","ocean_shortcode_after_top_bar":"","ocean_shortcode_before_header":"","ocean_shortcode_after_header":"","ocean_has_shortcode":"","ocean_shortcode_after_title":"","ocean_shortcode_before_footer_widgets":"","ocean_shortcode_after_footer_widgets":"","ocean_shortcode_before_footer_bottom":"","ocean_shortcode_after_footer_bottom":"","ocean_display_top_bar":"default","ocean_display_header":"default","ocean_header_style":"","ocean_center_header_left_menu":"","ocean_custom_header_template":"","ocean_custom_logo":0,"ocean_custom_retina_logo":0,"ocean_custom_logo_max_width":0,"ocean_custom_logo_tablet_max_width":0,"ocean_custom_logo_mobile_max_width":0,"ocean_custom_logo_max_height":0,"ocean_custom_logo_tablet_max_height":0,"ocean_custom_logo_mobile_max_height":0,"ocean_header_custom_menu":"","ocean_menu_typo_font_family":"","ocean_menu_typo_font_subset":"","ocean_menu_typo_font_size":0,"ocean_menu_typo_font_size_tablet":0,"ocean_menu_typo_font_size_mobile":0,"ocean_menu_typo_font_size_unit":"px","ocean_menu_typo_font_weight":"","ocean_menu_typo_font_weight_tablet":"","ocean_menu_typo_font_weight_mobile":"","ocean_menu_typo_transform":"","ocean_menu_typo_transform_tablet":"","ocean_menu_typo_transform_mobile":"","ocean_menu_typo_line_height":0,"ocean_menu_typo_line_height_tablet":0,"ocean_menu_typo_line_height_mobile":0,"ocean_menu_typo_line_height_unit":"","ocean_menu_typo_spacing":0,"ocean_menu_typo_spacing_tablet":0,"ocean_menu_typo_spacing_mobile":0,"ocean_menu_typo_spacing_unit":"","ocean_menu_link_color":"","ocean_menu_link_color_hover":"","ocean_menu_link_color_active":"","ocean_menu_link_background":"","ocean_menu_link_hover_background":"","ocean_menu_link_active_background":"","ocean_menu_social_links_bg":"","ocean_menu_social_hover_links_bg":"","ocean_menu_social_links_color":"","ocean_menu_social_hover_links_color":"","ocean_disable_title":"default","ocean_disable_heading":"default","ocean_post_title":"","ocean_post_subheading":"","ocean_post_title_style":"","ocean_post_title_background_color":"","ocean_post_title_background":0,"ocean_post_title_bg_image_position":"","ocean_post_title_bg_image_attachment":"","ocean_post_title_bg_image_repeat":"","ocean_post_title_bg_image_size":"","ocean_post_title_height":0,"ocean_post_title_bg_overlay":0.5,"ocean_post_title_bg_overlay_color":"","ocean_disable_breadcrumbs":"default","ocean_breadcrumbs_color":"","ocean_breadcrumbs_separator_color":"","ocean_breadcrumbs_links_color":"","ocean_breadcrumbs_links_hover_color":"","ocean_display_footer_widgets":"default","ocean_display_footer_bottom":"default","ocean_custom_footer_template":"","ofc_enable_fullscreen":"disable","ofc_fullscreen_speed":0,"ofc_fullscreen_nav":"enable","ofc_fullscreen_nav_pos":"right","ofc_fullscreen_nav_color":"","ofc_fullscreen_nav_tooltip_color":"","ofc_fullscreen_responsive":0,"osh_disable_topbar_sticky":"default","osh_disable_header_sticky":"default","osh_sticky_header_style":"default","osh_sticky_header_effect":"","osh_custom_sticky_logo":0,"osh_custom_retina_sticky_logo":0,"osh_custom_sticky_logo_height":0,"osh_background_color":"","osh_links_color":"","osh_links_hover_color":"","osh_links_active_color":"","osh_links_bg_color":"","osh_links_hover_bg_color":"","osh_links_active_bg_color":"","osh_menu_social_links_color":"","osh_menu_social_hover_links_color":"","jetpack_post_was_ever_published":false,"footnotes":""},"class_list":["post-6872","page","type-page","status-publish","hentry","entry"],"yoast_head":"<!-- This site is optimized with the Yoast SEO plugin v24.9 - https:\/\/yoast.com\/wordpress\/plugins\/seo\/ -->\n<title>Pol\u00edtica de privacidade - BTC Sugar Dating<\/title>\n<meta name=\"robots\" content=\"index, follow, max-snippet:-1, max-image-preview:large, max-video-preview:-1\" \/>\n<link rel=\"canonical\" href=\"https:\/\/www.btcsugardating.com\/pt-pt\/politica-de-privacidade\/\" \/>\n<meta property=\"og:locale\" content=\"pt_PT\" \/>\n<meta property=\"og:type\" content=\"article\" \/>\n<meta property=\"og:title\" content=\"Pol\u00edtica de privacidade - BTC Sugar Dating\" \/>\n<meta property=\"og:description\" content=\"&nbsp; &nbsp; O NOSSO COMPROMISSO A [Nome da Plataforma] (&#8220;Plataforma&#8221;), que \u00e9 operada pela [Nome da Empresa] (&#8220;Empresa&#8221;) e pelas suas empresas afiliadas, respeita a tua privacidade. Estamos empenhados em proteger a privacidade dos nossos utilizadores e em proporcionar uma experi\u00eancia de utiliza\u00e7\u00e3o segura e protegida. Esta pol\u00edtica detalha a forma como os dados sobre [&hellip;]\" \/>\n<meta property=\"og:url\" content=\"https:\/\/www.btcsugardating.com\/pt-pt\/politica-de-privacidade\/\" \/>\n<meta property=\"og:site_name\" content=\"BTC Sugar Dating\" \/>\n<meta property=\"article:modified_time\" content=\"2025-05-19T00:58:52+00:00\" \/>\n<meta property=\"og:image\" content=\"https:\/\/i0.wp.com\/www.btcsugardating.com\/wp-content\/uploads\/2025\/04\/BTCSugarDating.png?fit=557%2C64&ssl=1\" \/>\n\t<meta property=\"og:image:width\" content=\"557\" \/>\n\t<meta property=\"og:image:height\" content=\"64\" \/>\n\t<meta property=\"og:image:type\" content=\"image\/png\" \/>\n<meta name=\"twitter:card\" content=\"summary_large_image\" \/>\n<meta name=\"twitter:site\" content=\"@BTCSugarDating\" \/>\n<meta name=\"twitter:label1\" content=\"Tempo estimado de leitura\" \/>\n\t<meta name=\"twitter:data1\" content=\"5 minutos\" \/>\n<script type=\"application\/ld+json\" class=\"yoast-schema-graph\">{\"@context\":\"https:\/\/schema.org\",\"@graph\":[{\"@type\":\"WebPage\",\"@id\":\"https:\/\/www.btcsugardating.com\/pt-pt\/politica-de-privacidade\/\",\"url\":\"https:\/\/www.btcsugardating.com\/pt-pt\/politica-de-privacidade\/\",\"name\":\"Pol\u00edtica de privacidade - BTC Sugar Dating\",\"isPartOf\":{\"@id\":\"https:\/\/www.btcsugardating.com\/#website\"},\"datePublished\":\"2025-01-08T05:11:35+00:00\",\"dateModified\":\"2025-05-19T00:58:52+00:00\",\"breadcrumb\":{\"@id\":\"https:\/\/www.btcsugardating.com\/pt-pt\/politica-de-privacidade\/#breadcrumb\"},\"inLanguage\":\"pt-PT\",\"potentialAction\":[{\"@type\":\"ReadAction\",\"target\":[\"https:\/\/www.btcsugardating.com\/pt-pt\/politica-de-privacidade\/\"]}]},{\"@type\":\"BreadcrumbList\",\"@id\":\"https:\/\/www.btcsugardating.com\/pt-pt\/politica-de-privacidade\/#breadcrumb\",\"itemListElement\":[{\"@type\":\"ListItem\",\"position\":1,\"name\":\"Home\",\"item\":\"https:\/\/www.btcsugardating.com\/pt-pt\/namoro-sugar-daddy-premium-com-privacidade-e-riqueza-verificadadescricao\/\"},{\"@type\":\"ListItem\",\"position\":2,\"name\":\"Pol\u00edtica de privacidade\"}]},{\"@type\":\"WebSite\",\"@id\":\"https:\/\/www.btcsugardating.com\/#website\",\"url\":\"https:\/\/www.btcsugardating.com\/\",\"name\":\"BTC Sugar Dating\",\"description\":\"Premium Sugar Daddy Dating with Privacy &amp; Verified Wealth\",\"publisher\":{\"@id\":\"https:\/\/www.btcsugardating.com\/#organization\"},\"potentialAction\":[{\"@type\":\"SearchAction\",\"target\":{\"@type\":\"EntryPoint\",\"urlTemplate\":\"https:\/\/www.btcsugardating.com\/?s={search_term_string}\"},\"query-input\":{\"@type\":\"PropertyValueSpecification\",\"valueRequired\":true,\"valueName\":\"search_term_string\"}}],\"inLanguage\":\"pt-PT\"},{\"@type\":\"Organization\",\"@id\":\"https:\/\/www.btcsugardating.com\/#organization\",\"name\":\"btc holders\",\"url\":\"https:\/\/www.btcsugardating.com\/\",\"logo\":{\"@type\":\"ImageObject\",\"inLanguage\":\"pt-PT\",\"@id\":\"https:\/\/www.btcsugardating.com\/#\/schema\/logo\/image\/\",\"url\":\"https:\/\/i0.wp.com\/www.btcsugardating.com\/wp-content\/uploads\/2025\/01\/cropped-1BTCHoldersClub.png?fit=557%2C51&ssl=1\",\"contentUrl\":\"https:\/\/i0.wp.com\/www.btcsugardating.com\/wp-content\/uploads\/2025\/01\/cropped-1BTCHoldersClub.png?fit=557%2C51&ssl=1\",\"width\":557,\"height\":51,\"caption\":\"btc holders\"},\"image\":{\"@id\":\"https:\/\/www.btcsugardating.com\/#\/schema\/logo\/image\/\"},\"sameAs\":[\"https:\/\/x.com\/BTCSugarDating\"]}]}<\/script>\n<!-- \/ Yoast SEO plugin. -->","yoast_head_json":{"title":"Pol\u00edtica de privacidade - BTC Sugar Dating","robots":{"index":"index","follow":"follow","max-snippet":"max-snippet:-1","max-image-preview":"max-image-preview:large","max-video-preview":"max-video-preview:-1"},"canonical":"https:\/\/www.btcsugardating.com\/pt-pt\/politica-de-privacidade\/","og_locale":"pt_PT","og_type":"article","og_title":"Pol\u00edtica de privacidade - BTC Sugar Dating","og_description":"&nbsp; &nbsp; O NOSSO COMPROMISSO A [Nome da Plataforma] (&#8220;Plataforma&#8221;), que \u00e9 operada pela [Nome da Empresa] (&#8220;Empresa&#8221;) e pelas suas empresas afiliadas, respeita a tua privacidade. Estamos empenhados em proteger a privacidade dos nossos utilizadores e em proporcionar uma experi\u00eancia de utiliza\u00e7\u00e3o segura e protegida. Esta pol\u00edtica detalha a forma como os dados sobre [&hellip;]","og_url":"https:\/\/www.btcsugardating.com\/pt-pt\/politica-de-privacidade\/","og_site_name":"BTC Sugar Dating","article_modified_time":"2025-05-19T00:58:52+00:00","og_image":[{"width":557,"height":64,"url":"https:\/\/i0.wp.com\/www.btcsugardating.com\/wp-content\/uploads\/2025\/04\/BTCSugarDating.png?fit=557%2C64&ssl=1","type":"image\/png"}],"twitter_card":"summary_large_image","twitter_site":"@BTCSugarDating","twitter_misc":{"Tempo estimado de leitura":"5 minutos"},"schema":{"@context":"https:\/\/schema.org","@graph":[{"@type":"WebPage","@id":"https:\/\/www.btcsugardating.com\/pt-pt\/politica-de-privacidade\/","url":"https:\/\/www.btcsugardating.com\/pt-pt\/politica-de-privacidade\/","name":"Pol\u00edtica de privacidade - BTC Sugar Dating","isPartOf":{"@id":"https:\/\/www.btcsugardating.com\/#website"},"datePublished":"2025-01-08T05:11:35+00:00","dateModified":"2025-05-19T00:58:52+00:00","breadcrumb":{"@id":"https:\/\/www.btcsugardating.com\/pt-pt\/politica-de-privacidade\/#breadcrumb"},"inLanguage":"pt-PT","potentialAction":[{"@type":"ReadAction","target":["https:\/\/www.btcsugardating.com\/pt-pt\/politica-de-privacidade\/"]}]},{"@type":"BreadcrumbList","@id":"https:\/\/www.btcsugardating.com\/pt-pt\/politica-de-privacidade\/#breadcrumb","itemListElement":[{"@type":"ListItem","position":1,"name":"Home","item":"https:\/\/www.btcsugardating.com\/pt-pt\/namoro-sugar-daddy-premium-com-privacidade-e-riqueza-verificadadescricao\/"},{"@type":"ListItem","position":2,"name":"Pol\u00edtica de privacidade"}]},{"@type":"WebSite","@id":"https:\/\/www.btcsugardating.com\/#website","url":"https:\/\/www.btcsugardating.com\/","name":"BTC Sugar Dating","description":"Premium Sugar Daddy Dating with Privacy &amp; Verified Wealth","publisher":{"@id":"https:\/\/www.btcsugardating.com\/#organization"},"potentialAction":[{"@type":"SearchAction","target":{"@type":"EntryPoint","urlTemplate":"https:\/\/www.btcsugardating.com\/?s={search_term_string}"},"query-input":{"@type":"PropertyValueSpecification","valueRequired":true,"valueName":"search_term_string"}}],"inLanguage":"pt-PT"},{"@type":"Organization","@id":"https:\/\/www.btcsugardating.com\/#organization","name":"btc holders","url":"https:\/\/www.btcsugardating.com\/","logo":{"@type":"ImageObject","inLanguage":"pt-PT","@id":"https:\/\/www.btcsugardating.com\/#\/schema\/logo\/image\/","url":"https:\/\/i0.wp.com\/www.btcsugardating.com\/wp-content\/uploads\/2025\/01\/cropped-1BTCHoldersClub.png?fit=557%2C51&ssl=1","contentUrl":"https:\/\/i0.wp.com\/www.btcsugardating.com\/wp-content\/uploads\/2025\/01\/cropped-1BTCHoldersClub.png?fit=557%2C51&ssl=1","width":557,"height":51,"caption":"btc holders"},"image":{"@id":"https:\/\/www.btcsugardating.com\/#\/schema\/logo\/image\/"},"sameAs":["https:\/\/x.com\/BTCSugarDating"]}]}},"jetpack_sharing_enabled":true,"_links":{"self":[{"href":"https:\/\/www.btcsugardating.com\/pt-pt\/wp-json\/wp\/v2\/pages\/6872","targetHints":{"allow":["GET"]}}],"collection":[{"href":"https:\/\/www.btcsugardating.com\/pt-pt\/wp-json\/wp\/v2\/pages"}],"about":[{"href":"https:\/\/www.btcsugardating.com\/pt-pt\/wp-json\/wp\/v2\/types\/page"}],"author":[{"embeddable":true,"href":"https:\/\/www.btcsugardating.com\/pt-pt\/wp-json\/wp\/v2\/users\/1"}],"replies":[{"embeddable":true,"href":"https:\/\/www.btcsugardating.com\/pt-pt\/wp-json\/wp\/v2\/comments?post=6872"}],"version-history":[{"count":1,"href":"https:\/\/www.btcsugardating.com\/pt-pt\/wp-json\/wp\/v2\/pages\/6872\/revisions"}],"predecessor-version":[{"id":6873,"href":"https:\/\/www.btcsugardating.com\/pt-pt\/wp-json\/wp\/v2\/pages\/6872\/revisions\/6873"}],"wp:attachment":[{"href":"https:\/\/www.btcsugardating.com\/pt-pt\/wp-json\/wp\/v2\/media?parent=6872"}],"curies":[{"name":"wp","href":"https:\/\/api.w.org\/{rel}","templated":true}]}}