{"id":7969,"date":"2024-02-12T11:46:08","date_gmt":"2024-02-12T11:46:08","guid":{"rendered":"https:\/\/www.btcsugardating.com\/isler\/"},"modified":"2025-06-17T07:27:32","modified_gmt":"2025-06-17T07:27:32","slug":"isler","status":"publish","type":"page","link":"https:\/\/www.btcsugardating.com\/tr\/isler\/","title":{"rendered":"\u0130\u015fler"},"content":{"rendered":"\t\t<div data-elementor-type=\"wp-page\" data-elementor-id=\"7969\" class=\"elementor elementor-7969 elementor-604\">\n\t\t\t\t<div class=\"elementor-element elementor-element-e3d2a71 e-flex e-con-boxed e-con e-parent\" data-id=\"e3d2a71\" data-element_type=\"container\" data-settings=\"{&quot;background_background&quot;:&quot;classic&quot;}\">\n\t\t\t\t\t<div class=\"e-con-inner\">\n\t\t<div class=\"elementor-element elementor-element-5037efd e-con-full e-flex e-con e-child\" data-id=\"5037efd\" data-element_type=\"container\">\n\t\t\t\t<div class=\"elementor-element elementor-element-22860d4 owp-p-shape dark no-margin elementor-widget__width-auto elementor-widget elementor-widget-heading\" data-id=\"22860d4\" data-element_type=\"widget\" data-widget_type=\"heading.default\">\n\t\t\t\t<div class=\"elementor-widget-container\">\n\t\t\t\t\t<p class=\"elementor-heading-title elementor-size-default\">Yeni deneyimler ke\u015ffedin<\/p>\t\t\t\t<\/div>\n\t\t\t\t<\/div>\n\t\t\t\t<div class=\"elementor-element elementor-element-382816e elementor-widget elementor-widget-heading\" data-id=\"382816e\" data-element_type=\"widget\" data-widget_type=\"heading.default\">\n\t\t\t\t<div class=\"elementor-widget-container\">\n\t\t\t\t\t<h1 class=\"elementor-heading-title elementor-size-default\">Nas\u0131l \u00c7al\u0131\u015f\u0131r\n<\/h1>\t\t\t\t<\/div>\n\t\t\t\t<\/div>\n\t\t\t\t<div class=\"elementor-element elementor-element-ee88706 elementor-widget elementor-widget-heading\" data-id=\"ee88706\" data-element_type=\"widget\" data-widget_type=\"heading.default\">\n\t\t\t\t<div class=\"elementor-widget-container\">\n\t\t\t\t\t<p class=\"elementor-heading-title elementor-size-default\">BTC Sugar Dating, ba\u015far\u0131l\u0131 profesyonelleri ve se\u00e7kin bireyleri birbirine ba\u011flayan \u00f6nde gelen \u00f6zel bir a\u011fd\u0131r. \u00dcyelik kayd\u0131 \u00fccretsiz olmakla birlikte, deneyiminiz bu se\u00e7kin toplulu\u011fa getirdiklerinizle tan\u0131mlan\u0131r Ola\u011fan\u00fcst\u00fc ba\u011flant\u0131lar arayanlar i\u00e7in ger\u00e7ek de\u011fer, finansal ba\u015far\u0131lar\u0131n \u00f6tesine uzan\u0131r. Ortak ba\u015far\u0131 ve kar\u015f\u0131l\u0131kl\u0131 b\u00fcy\u00fcmeye dayal\u0131 anlaml\u0131 ili\u015fkilerin geli\u015ftirilmesini vurguluyoruz. Se\u00e7kin \u00fcyelerimiz, istisnai bir ya\u015fam tarz\u0131 yaratman\u0131n en y\u00fcksek kalite ve incelik standartlar\u0131n\u0131 korumay\u0131 gerektirdi\u011fini anl\u0131yor.BTC Sugar Dating ile yolculu\u011funuza ba\u015flay\u0131n - M\u00fckemmelli\u011fin F\u0131rsatla Bulu\u015ftu\u011fu Yer   \n\n<\/p>\t\t\t\t<\/div>\n\t\t\t\t<\/div>\n\t\t\t\t<div class=\"elementor-element elementor-element-6ea6fae elementor-align-center elementor-widget elementor-widget-button\" data-id=\"6ea6fae\" data-element_type=\"widget\" data-widget_type=\"button.default\">\n\t\t\t\t<div class=\"elementor-widget-container\">\n\t\t\t\t\t\t\t\t\t<div class=\"elementor-button-wrapper\">\n\t\t\t\t\t<a class=\"elementor-button elementor-button-link elementor-size-sm elementor-animation-float\" href=\"https:\/\/m.btcsugardating.com\/#\/\">\n\t\t\t\t\t\t<span class=\"elementor-button-content-wrapper\">\n\t\t\t\t\t\t\t\t\t<span class=\"elementor-button-text\">\u015e\u0130MD\u0130 KATILIN<\/span>\n\t\t\t\t\t<\/span>\n\t\t\t\t\t<\/a>\n\t\t\t\t<\/div>\n\t\t\t\t\t\t\t\t<\/div>\n\t\t\t\t<\/div>\n\t\t\t\t<\/div>\n\t\t\t\t\t<\/div>\n\t\t\t\t<\/div>\n\t\t<div class=\"elementor-element elementor-element-e50a34d e-flex e-con-boxed e-con e-parent\" data-id=\"e50a34d\" data-element_type=\"container\" data-settings=\"{&quot;background_background&quot;:&quot;classic&quot;}\">\n\t\t\t\t\t<div class=\"e-con-inner\">\n\t\t<div class=\"elementor-element elementor-element-a7016e4 e-con-full e-flex e-con e-child\" data-id=\"a7016e4\" data-element_type=\"container\">\n\t\t\t\t<div class=\"elementor-element elementor-element-1276d0a elementor-widget__width-initial elementor-widget elementor-widget-heading\" data-id=\"1276d0a\" data-element_type=\"widget\" data-widget_type=\"heading.default\">\n\t\t\t\t<div class=\"elementor-widget-container\">\n\t\t\t\t\t<h2 class=\"elementor-heading-title elementor-size-default\">BTC \u015eEKER RANDEVUSUNA BA\u015eLAMAK<\/h2>\t\t\t\t<\/div>\n\t\t\t\t<\/div>\n\t\t<div class=\"elementor-element elementor-element-040ef3b e-con-full e-flex e-con e-child\" data-id=\"040ef3b\" data-element_type=\"container\">\n\t\t\t\t<div class=\"elementor-element elementor-element-f66e644 elementor-widget elementor-widget-heading\" data-id=\"f66e644\" data-element_type=\"widget\" data-widget_type=\"heading.default\">\n\t\t\t\t<div class=\"elementor-widget-container\">\n\t\t\t\t\t<h3 class=\"elementor-heading-title elementor-size-default\">1) \u00d6zg\u00fcn Hikayenizi Olu\u015fturun<\/h3>\t\t\t\t<\/div>\n\t\t\t\t<\/div>\n\t\t\t\t<div class=\"elementor-element elementor-element-c5ea548 elementor-widget elementor-widget-heading\" data-id=\"c5ea548\" data-element_type=\"widget\" data-widget_type=\"heading.default\">\n\t\t\t\t<div class=\"elementor-widget-container\">\n\t\t\t\t\t<p class=\"elementor-heading-title elementor-size-default\">M\u00fckemmellik m\u00fckemmelli\u011fi \u00e7eker. Ba\u015far\u0131lar\u0131n\u0131z\u0131, hedeflerinizi ve anlaml\u0131 ba\u011flant\u0131larda arad\u0131\u011f\u0131n\u0131z\u0131 ger\u00e7ekten yans\u0131tan bir profil olu\u015fturun. Benzersiz niteliklerinizi ve beklentilerinizi vurgulayan kapsaml\u0131 bir profil, ba\u015far\u0131 vizyonunuzu payla\u015fan benzer d\u00fc\u015f\u00fcnen ki\u015fileri \u00e7ekecektir.  <\/p>\t\t\t\t<\/div>\n\t\t\t\t<\/div>\n\t\t\t\t<div class=\"elementor-element elementor-element-4e09cbd elementor-widget elementor-widget-heading\" data-id=\"4e09cbd\" data-element_type=\"widget\" data-widget_type=\"heading.default\">\n\t\t\t\t<div class=\"elementor-widget-container\">\n\t\t\t\t\t<h3 class=\"elementor-heading-title elementor-size-default\">2) Ya\u015fam Tarz\u0131n\u0131z\u0131 Sergileyin<\/h3>\t\t\t\t<\/div>\n\t\t\t\t<\/div>\n\t\t\t\t<div class=\"elementor-element elementor-element-f53e093 elementor-widget elementor-widget-heading\" data-id=\"f53e093\" data-element_type=\"widget\" data-widget_type=\"heading.default\">\n\t\t\t\t<div class=\"elementor-widget-container\">\n\t\t\t\t\t<p class=\"elementor-heading-title elementor-size-default\">Varl\u0131\u011f\u0131n\u0131z, \u00f6zenle se\u00e7ilmi\u015f g\u00f6r\u00fcnt\u00fclerle temsil edilmeyi hak ediyor. \u00d6zg\u00fcven ve \u00f6zg\u00fcnl\u00fc\u011f\u00fc temsil eden yeni, net bir portre ile ba\u015flay\u0131n. Uluslararas\u0131 seyahatlerden prestijli etkinliklere kadar rafine ya\u015fam tarz\u0131n\u0131z\u0131 yans\u0131tan se\u00e7kin foto\u011fraflarla profilinizi zenginle\u015ftirin; her bir g\u00f6rsel sizi tan\u0131mlayan sofistikeli\u011fi yans\u0131tmal\u0131d\u0131r.  <\/p>\t\t\t\t<\/div>\n\t\t\t\t<\/div>\n\t\t\t\t<div class=\"elementor-element elementor-element-ca8d374 elementor-widget elementor-widget-heading\" data-id=\"ca8d374\" data-element_type=\"widget\" data-widget_type=\"heading.default\">\n\t\t\t\t<div class=\"elementor-widget-container\">\n\t\t\t\t\t<h3 class=\"elementor-heading-title elementor-size-default\">3) Yolculu\u011funuza Ba\u015flay\u0131n<\/h3>\t\t\t\t<\/div>\n\t\t\t\t<\/div>\n\t\t\t\t<div class=\"elementor-element elementor-element-c95ecfe elementor-widget elementor-widget-heading\" data-id=\"c95ecfe\" data-element_type=\"widget\" data-widget_type=\"heading.default\">\n\t\t\t\t<div class=\"elementor-widget-container\">\n\t\t\t\t\t<p class=\"elementor-heading-title elementor-size-default\">Profiliniz do\u011frulama s\u00fcrecimizden ge\u00e7erken ke\u015ffetmeye ba\u015flay\u0131n. Tercihlerinize uygun ba\u011flant\u0131lar\u0131 ke\u015ffetmek i\u00e7in geli\u015fmi\u015f filtrelerimizi kullan\u0131n. Ola\u011fan\u00fcst\u00fc bireylerden olu\u015fan k\u00fcresel a\u011f\u0131m\u0131z, ister \u015fehrinizde ister k\u0131talar aras\u0131nda olsun, anlaml\u0131 ba\u011flant\u0131lar sa\u011flar.  <\/p>\t\t\t\t<\/div>\n\t\t\t\t<\/div>\n\t\t\t\t<div class=\"elementor-element elementor-element-9f8a693 elementor-widget elementor-widget-heading\" data-id=\"9f8a693\" data-element_type=\"widget\" data-widget_type=\"heading.default\">\n\t\t\t\t<div class=\"elementor-widget-container\">\n\t\t\t\t\t<h3 class=\"elementor-heading-title elementor-size-default\">4) Se\u00e7kin \u00dcyelerle \u0130leti\u015fim Kurun<\/h3>\t\t\t\t<\/div>\n\t\t\t\t<\/div>\n\t\t\t\t<div class=\"elementor-element elementor-element-0d3e98b elementor-widget elementor-widget-heading\" data-id=\"0d3e98b\" data-element_type=\"widget\" data-widget_type=\"heading.default\">\n\t\t\t\t<div class=\"elementor-widget-container\">\n\t\t\t\t\t<p class=\"elementor-heading-title elementor-size-default\">Do\u011frulama i\u015fleminin ard\u0131ndan, kendinizi ba\u015far\u0131l\u0131 bireylerden olu\u015fan se\u00e7kin toplulu\u011fumuza b\u0131rak\u0131n. Ba\u015far\u0131n\u0131n sofistikelikle bulu\u015ftu\u011fu bir ortam\u0131 \u00f6zenle geli\u015ftirdik. Burada, her ba\u011flant\u0131 f\u0131rsat\u0131 geleneksel kar\u015f\u0131la\u015fmalar\u0131n \u00f6tesine ge\u00e7erek en y\u00fcksek kalibrede etkile\u015fimler sa\u011flar.  <\/p>\t\t\t\t<\/div>\n\t\t\t\t<\/div>\n\t\t\t\t<\/div>\n\t\t\t\t<\/div>\n\t\t\t\t\t<\/div>\n\t\t\t\t<\/div>\n\t\t\t\t<\/div>\n\t\t","protected":false},"excerpt":{"rendered":"<p>Yeni deneyimler ke\u015ffedin Nas\u0131l \u00c7al\u0131\u015f\u0131r BTC Sugar Dating, ba\u015far\u0131l\u0131 profesyonelleri ve se\u00e7kin bireyleri birbirine ba\u011flayan \u00f6nde gelen \u00f6zel bir a\u011fd\u0131r. \u00dcyelik kayd\u0131 \u00fccretsiz olmakla birlikte, deneyiminiz bu se\u00e7kin toplulu\u011fa getirdiklerinizle tan\u0131mlan\u0131r Ola\u011fan\u00fcst\u00fc ba\u011flant\u0131lar arayanlar i\u00e7in ger\u00e7ek de\u011fer, finansal ba\u015far\u0131lar\u0131n \u00f6tesine uzan\u0131r. Ortak ba\u015far\u0131 ve kar\u015f\u0131l\u0131kl\u0131 b\u00fcy\u00fcmeye dayal\u0131 anlaml\u0131 ili\u015fkilerin geli\u015ftirilmesini vurguluyoruz. Se\u00e7kin \u00fcyelerimiz, istisnai bir [&hellip;]<\/p>\n","protected":false},"author":1,"featured_media":0,"parent":0,"menu_order":0,"comment_status":"closed","ping_status":"closed","template":"","meta":{"_monsterinsights_skip_tracking":false,"_monsterinsights_sitenote_active":false,"_monsterinsights_sitenote_note":"","_monsterinsights_sitenote_category":0,"_uf_show_specific_survey":0,"_uf_disable_surveys":false,"ocean_post_layout":"full-screen","ocean_both_sidebars_style":"","ocean_both_sidebars_content_width":0,"ocean_both_sidebars_sidebars_width":0,"ocean_sidebar":"","ocean_second_sidebar":"","ocean_disable_margins":"enable","ocean_add_body_class":"","ocean_shortcode_before_top_bar":"","ocean_shortcode_after_top_bar":"","ocean_shortcode_before_header":"","ocean_shortcode_after_header":"","ocean_has_shortcode":"","ocean_shortcode_after_title":"","ocean_shortcode_before_footer_widgets":"","ocean_shortcode_after_footer_widgets":"","ocean_shortcode_before_footer_bottom":"","ocean_shortcode_after_footer_bottom":"","ocean_display_top_bar":"default","ocean_display_header":"default","ocean_header_style":"","ocean_center_header_left_menu":"","ocean_custom_header_template":"","ocean_custom_logo":0,"ocean_custom_retina_logo":0,"ocean_custom_logo_max_width":0,"ocean_custom_logo_tablet_max_width":0,"ocean_custom_logo_mobile_max_width":0,"ocean_custom_logo_max_height":0,"ocean_custom_logo_tablet_max_height":0,"ocean_custom_logo_mobile_max_height":0,"ocean_header_custom_menu":"","ocean_menu_typo_font_family":"","ocean_menu_typo_font_subset":"","ocean_menu_typo_font_size":0,"ocean_menu_typo_font_size_tablet":0,"ocean_menu_typo_font_size_mobile":0,"ocean_menu_typo_font_size_unit":"px","ocean_menu_typo_font_weight":"","ocean_menu_typo_font_weight_tablet":"","ocean_menu_typo_font_weight_mobile":"","ocean_menu_typo_transform":"","ocean_menu_typo_transform_tablet":"","ocean_menu_typo_transform_mobile":"","ocean_menu_typo_line_height":0,"ocean_menu_typo_line_height_tablet":0,"ocean_menu_typo_line_height_mobile":0,"ocean_menu_typo_line_height_unit":"","ocean_menu_typo_spacing":0,"ocean_menu_typo_spacing_tablet":0,"ocean_menu_typo_spacing_mobile":0,"ocean_menu_typo_spacing_unit":"","ocean_menu_link_color":"","ocean_menu_link_color_hover":"","ocean_menu_link_color_active":"","ocean_menu_link_background":"","ocean_menu_link_hover_background":"","ocean_menu_link_active_background":"","ocean_menu_social_links_bg":"","ocean_menu_social_hover_links_bg":"","ocean_menu_social_links_color":"","ocean_menu_social_hover_links_color":"","ocean_disable_title":"on","ocean_disable_heading":"on","ocean_post_title":"","ocean_post_subheading":"","ocean_post_title_style":"","ocean_post_title_background_color":"","ocean_post_title_background":0,"ocean_post_title_bg_image_position":"","ocean_post_title_bg_image_attachment":"","ocean_post_title_bg_image_repeat":"","ocean_post_title_bg_image_size":"","ocean_post_title_height":0,"ocean_post_title_bg_overlay":0.5,"ocean_post_title_bg_overlay_color":"","ocean_disable_breadcrumbs":"off","ocean_breadcrumbs_color":"","ocean_breadcrumbs_separator_color":"","ocean_breadcrumbs_links_color":"","ocean_breadcrumbs_links_hover_color":"","ocean_display_footer_widgets":"default","ocean_display_footer_bottom":"default","ocean_custom_footer_template":"","ofc_enable_fullscreen":"disable","ofc_fullscreen_speed":0,"ofc_fullscreen_nav":"enable","ofc_fullscreen_nav_pos":"right","ofc_fullscreen_nav_color":"","ofc_fullscreen_nav_tooltip_color":"","ofc_fullscreen_responsive":0,"osh_disable_topbar_sticky":"default","osh_disable_header_sticky":"default","osh_sticky_header_style":"default","osh_sticky_header_effect":"","osh_custom_sticky_logo":0,"osh_custom_retina_sticky_logo":0,"osh_custom_sticky_logo_height":0,"osh_background_color":"","osh_links_color":"","osh_links_hover_color":"","osh_links_active_color":"","osh_links_bg_color":"","osh_links_hover_bg_color":"","osh_links_active_bg_color":"","osh_menu_social_links_color":"","osh_menu_social_hover_links_color":"","jetpack_post_was_ever_published":false,"footnotes":""},"class_list":["post-7969","page","type-page","status-publish","hentry","entry"],"yoast_head":"<!-- This site is optimized with the Yoast SEO plugin v24.9 - https:\/\/yoast.com\/wordpress\/plugins\/seo\/ -->\n<title>\u0130\u015fler - BTC Sugar Dating<\/title>\n<meta name=\"robots\" content=\"index, follow, max-snippet:-1, max-image-preview:large, max-video-preview:-1\" \/>\n<link rel=\"canonical\" href=\"https:\/\/www.btcsugardating.com\/tr\/isler\/\" \/>\n<meta property=\"og:locale\" content=\"tr_TR\" \/>\n<meta property=\"og:type\" content=\"article\" \/>\n<meta property=\"og:title\" content=\"\u0130\u015fler - BTC Sugar Dating\" \/>\n<meta property=\"og:description\" content=\"Yeni deneyimler ke\u015ffedin Nas\u0131l \u00c7al\u0131\u015f\u0131r BTC Sugar Dating, ba\u015far\u0131l\u0131 profesyonelleri ve se\u00e7kin bireyleri birbirine ba\u011flayan \u00f6nde gelen \u00f6zel bir a\u011fd\u0131r. \u00dcyelik kayd\u0131 \u00fccretsiz olmakla birlikte, deneyiminiz bu se\u00e7kin toplulu\u011fa getirdiklerinizle tan\u0131mlan\u0131r Ola\u011fan\u00fcst\u00fc ba\u011flant\u0131lar arayanlar i\u00e7in ger\u00e7ek de\u011fer, finansal ba\u015far\u0131lar\u0131n \u00f6tesine uzan\u0131r. Ortak ba\u015far\u0131 ve kar\u015f\u0131l\u0131kl\u0131 b\u00fcy\u00fcmeye dayal\u0131 anlaml\u0131 ili\u015fkilerin geli\u015ftirilmesini vurguluyoruz. Se\u00e7kin \u00fcyelerimiz, istisnai bir [&hellip;]\" \/>\n<meta property=\"og:url\" content=\"https:\/\/www.btcsugardating.com\/tr\/isler\/\" \/>\n<meta property=\"og:site_name\" content=\"BTC Sugar Dating\" \/>\n<meta property=\"article:modified_time\" content=\"2025-06-17T07:27:32+00:00\" \/>\n<meta property=\"og:image\" content=\"https:\/\/i0.wp.com\/www.btcsugardating.com\/wp-content\/uploads\/2025\/04\/BTCSugarDating.png?fit=557%2C64&ssl=1\" \/>\n\t<meta property=\"og:image:width\" content=\"557\" \/>\n\t<meta property=\"og:image:height\" content=\"64\" \/>\n\t<meta property=\"og:image:type\" content=\"image\/png\" \/>\n<meta name=\"twitter:card\" content=\"summary_large_image\" \/>\n<meta name=\"twitter:site\" content=\"@BTCSugarDating\" \/>\n<meta name=\"twitter:label1\" content=\"Tahmini okuma s\u00fcresi\" \/>\n\t<meta name=\"twitter:data1\" content=\"2 dakika\" \/>\n<script type=\"application\/ld+json\" class=\"yoast-schema-graph\">{\"@context\":\"https:\/\/schema.org\",\"@graph\":[{\"@type\":\"WebPage\",\"@id\":\"https:\/\/www.btcsugardating.com\/tr\/isler\/\",\"url\":\"https:\/\/www.btcsugardating.com\/tr\/isler\/\",\"name\":\"\u0130\u015fler - BTC Sugar Dating\",\"isPartOf\":{\"@id\":\"https:\/\/www.btcsugardating.com\/#website\"},\"datePublished\":\"2024-02-12T11:46:08+00:00\",\"dateModified\":\"2025-06-17T07:27:32+00:00\",\"breadcrumb\":{\"@id\":\"https:\/\/www.btcsugardating.com\/tr\/isler\/#breadcrumb\"},\"inLanguage\":\"tr\",\"potentialAction\":[{\"@type\":\"ReadAction\",\"target\":[\"https:\/\/www.btcsugardating.com\/tr\/isler\/\"]}]},{\"@type\":\"BreadcrumbList\",\"@id\":\"https:\/\/www.btcsugardating.com\/tr\/isler\/#breadcrumb\",\"itemListElement\":[{\"@type\":\"ListItem\",\"position\":1,\"name\":\"Home\",\"item\":\"https:\/\/www.btcsugardating.com\/tr\/gizlilik-ve-dogrulanmis-zenginlik-ile-premium-seker-baba-bulusmasi\/\"},{\"@type\":\"ListItem\",\"position\":2,\"name\":\"\u0130\u015fler\"}]},{\"@type\":\"WebSite\",\"@id\":\"https:\/\/www.btcsugardating.com\/#website\",\"url\":\"https:\/\/www.btcsugardating.com\/\",\"name\":\"BTC Sugar Dating\",\"description\":\"Premium Sugar Daddy Dating with Privacy &amp; Verified Wealth\",\"publisher\":{\"@id\":\"https:\/\/www.btcsugardating.com\/#organization\"},\"potentialAction\":[{\"@type\":\"SearchAction\",\"target\":{\"@type\":\"EntryPoint\",\"urlTemplate\":\"https:\/\/www.btcsugardating.com\/?s={search_term_string}\"},\"query-input\":{\"@type\":\"PropertyValueSpecification\",\"valueRequired\":true,\"valueName\":\"search_term_string\"}}],\"inLanguage\":\"tr\"},{\"@type\":\"Organization\",\"@id\":\"https:\/\/www.btcsugardating.com\/#organization\",\"name\":\"btc holders\",\"url\":\"https:\/\/www.btcsugardating.com\/\",\"logo\":{\"@type\":\"ImageObject\",\"inLanguage\":\"tr\",\"@id\":\"https:\/\/www.btcsugardating.com\/#\/schema\/logo\/image\/\",\"url\":\"https:\/\/i0.wp.com\/www.btcsugardating.com\/wp-content\/uploads\/2025\/01\/cropped-1BTCHoldersClub.png?fit=557%2C51&ssl=1\",\"contentUrl\":\"https:\/\/i0.wp.com\/www.btcsugardating.com\/wp-content\/uploads\/2025\/01\/cropped-1BTCHoldersClub.png?fit=557%2C51&ssl=1\",\"width\":557,\"height\":51,\"caption\":\"btc holders\"},\"image\":{\"@id\":\"https:\/\/www.btcsugardating.com\/#\/schema\/logo\/image\/\"},\"sameAs\":[\"https:\/\/x.com\/BTCSugarDating\"]}]}<\/script>\n<!-- \/ Yoast SEO plugin. -->","yoast_head_json":{"title":"\u0130\u015fler - BTC Sugar Dating","robots":{"index":"index","follow":"follow","max-snippet":"max-snippet:-1","max-image-preview":"max-image-preview:large","max-video-preview":"max-video-preview:-1"},"canonical":"https:\/\/www.btcsugardating.com\/tr\/isler\/","og_locale":"tr_TR","og_type":"article","og_title":"\u0130\u015fler - BTC Sugar Dating","og_description":"Yeni deneyimler ke\u015ffedin Nas\u0131l \u00c7al\u0131\u015f\u0131r BTC Sugar Dating, ba\u015far\u0131l\u0131 profesyonelleri ve se\u00e7kin bireyleri birbirine ba\u011flayan \u00f6nde gelen \u00f6zel bir a\u011fd\u0131r. \u00dcyelik kayd\u0131 \u00fccretsiz olmakla birlikte, deneyiminiz bu se\u00e7kin toplulu\u011fa getirdiklerinizle tan\u0131mlan\u0131r Ola\u011fan\u00fcst\u00fc ba\u011flant\u0131lar arayanlar i\u00e7in ger\u00e7ek de\u011fer, finansal ba\u015far\u0131lar\u0131n \u00f6tesine uzan\u0131r. Ortak ba\u015far\u0131 ve kar\u015f\u0131l\u0131kl\u0131 b\u00fcy\u00fcmeye dayal\u0131 anlaml\u0131 ili\u015fkilerin geli\u015ftirilmesini vurguluyoruz. Se\u00e7kin \u00fcyelerimiz, istisnai bir [&hellip;]","og_url":"https:\/\/www.btcsugardating.com\/tr\/isler\/","og_site_name":"BTC Sugar Dating","article_modified_time":"2025-06-17T07:27:32+00:00","og_image":[{"width":557,"height":64,"url":"https:\/\/i0.wp.com\/www.btcsugardating.com\/wp-content\/uploads\/2025\/04\/BTCSugarDating.png?fit=557%2C64&ssl=1","type":"image\/png"}],"twitter_card":"summary_large_image","twitter_site":"@BTCSugarDating","twitter_misc":{"Tahmini okuma s\u00fcresi":"2 dakika"},"schema":{"@context":"https:\/\/schema.org","@graph":[{"@type":"WebPage","@id":"https:\/\/www.btcsugardating.com\/tr\/isler\/","url":"https:\/\/www.btcsugardating.com\/tr\/isler\/","name":"\u0130\u015fler - BTC Sugar Dating","isPartOf":{"@id":"https:\/\/www.btcsugardating.com\/#website"},"datePublished":"2024-02-12T11:46:08+00:00","dateModified":"2025-06-17T07:27:32+00:00","breadcrumb":{"@id":"https:\/\/www.btcsugardating.com\/tr\/isler\/#breadcrumb"},"inLanguage":"tr","potentialAction":[{"@type":"ReadAction","target":["https:\/\/www.btcsugardating.com\/tr\/isler\/"]}]},{"@type":"BreadcrumbList","@id":"https:\/\/www.btcsugardating.com\/tr\/isler\/#breadcrumb","itemListElement":[{"@type":"ListItem","position":1,"name":"Home","item":"https:\/\/www.btcsugardating.com\/tr\/gizlilik-ve-dogrulanmis-zenginlik-ile-premium-seker-baba-bulusmasi\/"},{"@type":"ListItem","position":2,"name":"\u0130\u015fler"}]},{"@type":"WebSite","@id":"https:\/\/www.btcsugardating.com\/#website","url":"https:\/\/www.btcsugardating.com\/","name":"BTC Sugar Dating","description":"Premium Sugar Daddy Dating with Privacy &amp; Verified Wealth","publisher":{"@id":"https:\/\/www.btcsugardating.com\/#organization"},"potentialAction":[{"@type":"SearchAction","target":{"@type":"EntryPoint","urlTemplate":"https:\/\/www.btcsugardating.com\/?s={search_term_string}"},"query-input":{"@type":"PropertyValueSpecification","valueRequired":true,"valueName":"search_term_string"}}],"inLanguage":"tr"},{"@type":"Organization","@id":"https:\/\/www.btcsugardating.com\/#organization","name":"btc holders","url":"https:\/\/www.btcsugardating.com\/","logo":{"@type":"ImageObject","inLanguage":"tr","@id":"https:\/\/www.btcsugardating.com\/#\/schema\/logo\/image\/","url":"https:\/\/i0.wp.com\/www.btcsugardating.com\/wp-content\/uploads\/2025\/01\/cropped-1BTCHoldersClub.png?fit=557%2C51&ssl=1","contentUrl":"https:\/\/i0.wp.com\/www.btcsugardating.com\/wp-content\/uploads\/2025\/01\/cropped-1BTCHoldersClub.png?fit=557%2C51&ssl=1","width":557,"height":51,"caption":"btc holders"},"image":{"@id":"https:\/\/www.btcsugardating.com\/#\/schema\/logo\/image\/"},"sameAs":["https:\/\/x.com\/BTCSugarDating"]}]}},"jetpack_sharing_enabled":true,"_links":{"self":[{"href":"https:\/\/www.btcsugardating.com\/tr\/wp-json\/wp\/v2\/pages\/7969","targetHints":{"allow":["GET"]}}],"collection":[{"href":"https:\/\/www.btcsugardating.com\/tr\/wp-json\/wp\/v2\/pages"}],"about":[{"href":"https:\/\/www.btcsugardating.com\/tr\/wp-json\/wp\/v2\/types\/page"}],"author":[{"embeddable":true,"href":"https:\/\/www.btcsugardating.com\/tr\/wp-json\/wp\/v2\/users\/1"}],"replies":[{"embeddable":true,"href":"https:\/\/www.btcsugardating.com\/tr\/wp-json\/wp\/v2\/comments?post=7969"}],"version-history":[{"count":1,"href":"https:\/\/www.btcsugardating.com\/tr\/wp-json\/wp\/v2\/pages\/7969\/revisions"}],"predecessor-version":[{"id":7971,"href":"https:\/\/www.btcsugardating.com\/tr\/wp-json\/wp\/v2\/pages\/7969\/revisions\/7971"}],"wp:attachment":[{"href":"https:\/\/www.btcsugardating.com\/tr\/wp-json\/wp\/v2\/media?parent=7969"}],"curies":[{"name":"wp","href":"https:\/\/api.w.org\/{rel}","templated":true}]}}