{"id":10531,"date":"2025-01-08T05:11:35","date_gmt":"2025-01-08T05:11:35","guid":{"rendered":"https:\/\/www.btcsugardating.com\/chinh-sach-bao-mat\/"},"modified":"2025-07-04T01:59:14","modified_gmt":"2025-07-04T01:59:14","slug":"chinh-sach-bao-mat","status":"publish","type":"page","link":"https:\/\/www.btcsugardating.com\/vi\/chinh-sach-bao-mat\/","title":{"rendered":"Ch\u00ednh s\u00e1ch b\u1ea3o m\u1eadt"},"content":{"rendered":"\t\t<div data-elementor-type=\"wp-page\" data-elementor-id=\"10531\" class=\"elementor elementor-10531 elementor-3\">\n\t\t\t\t<div class=\"elementor-element elementor-element-579ff3cd e-flex e-con-boxed e-con e-parent\" data-id=\"579ff3cd\" data-element_type=\"container\">\n\t\t\t\t\t<div class=\"e-con-inner\">\n\t\t\t\t<div class=\"elementor-element elementor-element-5e640ff0 elementor-widget elementor-widget-text-editor\" data-id=\"5e640ff0\" data-element_type=\"widget\" data-widget_type=\"text-editor.default\">\n\t\t\t\t<div class=\"elementor-widget-container\">\n\t\t\t\t\t\t\t\t\t<h1>&nbsp;<\/h1>\n<h1>&nbsp;<\/h1>\n<h1 class=\"wp-block-heading\">CAM K\u1ebeT C\u1ee6A CH\u00daNG T\u00d4I<\/h1>\n<p>[T\u00ean N\u1ec1n t\u1ea3ng] (&#8220;N\u1ec1n t\u1ea3ng&#8221;), \u0111\u01b0\u1ee3c \u0111i\u1ec1u h\u00e0nh b\u1edfi [T\u00ean C\u00f4ng ty] (&#8220;C\u00f4ng ty&#8221;) v\u00e0 c\u00e1c c\u00f4ng ty li\u00ean k\u1ebft, t\u00f4n tr\u1ecdng quy\u1ec1n ri\u00eang t\u01b0 c\u1ee7a b\u1ea1n. Ch\u00fang t\u00f4i cam k\u1ebft b\u1ea3o v\u1ec7 quy\u1ec1n ri\u00eang t\u01b0 c\u1ee7a ng\u01b0\u1eddi d\u00f9ng v\u00e0 cung c\u1ea5p tr\u1ea3i nghi\u1ec7m ng\u01b0\u1eddi d\u00f9ng an to\u00e0n v\u00e0 b\u1ea3o m\u1eadt. Ch\u00ednh s\u00e1ch n\u00e0y n\u00eau chi ti\u1ebft c\u00e1ch d\u1eef li\u1ec7u v\u1ec1 b\u1ea1n \u0111\u01b0\u1ee3c thu th\u1eadp, s\u1eed d\u1ee5ng v\u00e0 chia s\u1ebb khi b\u1ea1n truy c\u1eadp trang web v\u00e0 \u1ee9ng d\u1ee5ng di \u0111\u1ed9ng c\u1ee7a ch\u00fang t\u00f4i ho\u1eb7c t\u01b0\u01a1ng t\u00e1c v\u1edbi c\u00e1c d\u1ecbch v\u1ee5 c\u1ee7a ch\u00fang t\u00f4i (g\u1ecdi chung l\u00e0 &#8220;D\u1ecbch v\u1ee5&#8221;).  <\/p>\n<h2>&nbsp;<\/h2>\n<h1 class=\"wp-block-heading\">T\u00cdNH \u00c1P D\u1ee4NG C\u1ee6A CH\u00cdNH S\u00c1CH B\u1ea2O M\u1eacT<\/h1>\n<p>Ch\u00ednh s\u00e1ch b\u1ea3o m\u1eadt n\u00e0y \u00e1p d\u1ee5ng cho m\u1ecdi th\u00f4ng tin ch\u00fang t\u00f4i thu th\u1eadp th\u00f4ng qua \u1ee9ng d\u1ee5ng web v\u00e0 di \u0111\u1ed9ng c\u1ee7a m\u00ecnh t\u1eeb ng\u01b0\u1eddi d\u00f9ng v\u00e0 kh\u00e1ch truy c\u1eadp N\u1ec1n t\u1ea3ng hi\u1ec7n t\u1ea1i v\u00e0 tr\u01b0\u1edbc \u0111\u00e2y. Khi b\u1ea1n kh\u00f4ng c\u00f2n l\u00e0 kh\u00e1ch h\u00e0ng c\u1ee7a ch\u00fang t\u00f4i, ch\u00fang t\u00f4i s\u1ebd ti\u1ebfp t\u1ee5c chia s\u1ebb th\u00f4ng tin c\u1ee7a b\u1ea1n nh\u01b0 m\u00f4 t\u1ea3 trong ch\u00ednh s\u00e1ch n\u00e0y. Ch\u00ednh s\u00e1ch n\u00e0y ch\u1ec9 \u00e1p d\u1ee5ng cho D\u1ecbch v\u1ee5 c\u1ee7a ch\u00fang t\u00f4i v\u00e0 kh\u00f4ng \u00e1p d\u1ee5ng cho c\u00e1c ho\u1ea1t \u0111\u1ed9ng c\u1ee7a b\u1ea5t k\u1ef3 d\u1ecbch v\u1ee5 n\u00e0o kh\u00e1c.  <\/p>\n<h2>&nbsp;<\/h2>\n<h1 class=\"wp-block-heading\">C\u00d4NG TY LI\u00caN K\u1ebeT<\/h1>\n<p>C\u00f4ng ty c\u00f3 li\u00ean k\u1ebft v\u1edbi nhi\u1ec1u t\u1ed5 ch\u1ee9c kh\u00e1c nhau bao g\u1ed3m:<\/p>\n<p>c\u00f4ng ty li\u00ean k\u1ebft 1<\/p>\n<p>c\u00f4ng ty li\u00ean k\u1ebft 2<\/p>\n<h2>&nbsp;<\/h2>\n<h1 class=\"wp-block-heading\">TH\u00d4NG TIN \u0110\u01af\u1ee2C THU TH\u1eacP<\/h1>\n<h3>Th\u00f4ng tin c\u00e1 nh\u00e2n<\/h3>\n<p>Khi b\u1ea1n s\u1eed d\u1ee5ng D\u1ecbch v\u1ee5 c\u1ee7a ch\u00fang t\u00f4i, ch\u00fang t\u00f4i c\u00f3 th\u1ec3 thu th\u1eadp:<\/p>\n<p>&#8211; Th\u00f4ng tin c\u01a1 b\u1ea3n: t\u00ean, \u0111\u1ecba ch\u1ec9 email, s\u1ed1 \u0111i\u1ec7n tho\u1ea1i<\/p>\n<p>&#8211; Th\u00f4ng tin h\u1ed3 s\u01a1: \u1ea3nh, ngh\u1ec1 nghi\u1ec7p, s\u1edf th\u00edch, \u01b0u ti\u00ean<\/p>\n<p>&#8211; X\u00e1c minh danh t\u00ednh: c\u00e1c t\u00e0i li\u1ec7u c\u1ea7n thi\u1ebft cho m\u1ee5c \u0111\u00edch x\u00e1c minh<\/p>\n<p>&#8211; Th\u00f4ng tin t\u00e0i ch\u00ednh: th\u00f4ng tin th\u1ebb t\u00edn d\u1ee5ng cho c\u00e1c d\u1ecbch v\u1ee5 cao c\u1ea5p<\/p>\n<p>&#8211; D\u1eef li\u1ec7u giao ti\u1ebfp: tin nh\u1eafn, t\u01b0\u01a1ng t\u00e1c v\u1edbi ng\u01b0\u1eddi d\u00f9ng kh\u00e1c<\/p><p><br><\/p>\n<h4>Th\u00f4ng tin \u0111\u01b0\u1ee3c thu th\u1eadp t\u1ef1 \u0111\u1ed9ng<\/h4>\n<p>H\u1ec7 th\u1ed1ng c\u1ee7a ch\u00fang t\u00f4i t\u1ef1 \u0111\u1ed9ng thu th\u1eadp:<\/p>\n<p>&#8211; D\u1eef li\u1ec7u k\u1ef9 thu\u1eadt: \u0110\u1ecba ch\u1ec9 IP, lo\u1ea1i tr\u00ecnh duy\u1ec7t, th\u00f4ng tin thi\u1ebft b\u1ecb<\/p>\n<p>&#8211; D\u1eef li\u1ec7u s\u1eed d\u1ee5ng: th\u1eddi gian truy c\u1eadp, t\u00ednh n\u0103ng \u0111\u01b0\u1ee3c s\u1eed d\u1ee5ng, m\u00f4 h\u00ecnh ho\u1ea1t \u0111\u1ed9ng<\/p>\n<p>&#8211; D\u1eef li\u1ec7u v\u1ecb tr\u00ed: v\u1ecb tr\u00ed chung d\u1ef1a tr\u00ean \u0111\u1ecba ch\u1ec9 IP<\/p>\n<p>&#8211; D\u1eef li\u1ec7u Cookie: nh\u01b0 \u0111\u01b0\u1ee3c m\u00f4 t\u1ea3 trong Ch\u00ednh s\u00e1ch Cookie c\u1ee7a ch\u00fang t\u00f4i<\/p>\n<h2>&nbsp;<\/h2>\n<h1 class=\"wp-block-heading\">CH\u00daNG T\u00d4I S\u1eec D\u1ee4NG TH\u00d4NG TIN C\u1ee6A B\u1ea0N NH\u01af TH\u1ebe N\u00c0O<\/h1>\n<p>Ch\u00fang t\u00f4i s\u1eed d\u1ee5ng th\u00f4ng tin thu th\u1eadp \u0111\u01b0\u1ee3c \u0111\u1ec3:<\/p>\n<p>&#8211; Cung c\u1ea5p v\u00e0 duy tr\u00ec c\u00e1c D\u1ecbch v\u1ee5<\/p>\n<p>&#8211; X\u00e1c minh danh t\u00ednh ng\u01b0\u1eddi d\u00f9ng v\u00e0 ng\u0103n ch\u1eb7n gian l\u1eadn<\/p>\n<p>&#8211; X\u1eed l\u00fd giao d\u1ecbch v\u00e0 thanh to\u00e1n<\/p>\n<p>&#8211; C\u00e1 nh\u00e2n h\u00f3a tr\u1ea3i nghi\u1ec7m ng\u01b0\u1eddi d\u00f9ng<\/p>\n<p>&#8211; Cung c\u1ea5p h\u1ed7 tr\u1ee3 kh\u00e1ch h\u00e0ng<\/p>\n<p>&#8211; G\u1eedi th\u00f4ng b\u00e1o v\u00e0 c\u1eadp nh\u1eadt d\u1ecbch v\u1ee5<\/p>\n<p>&#8211; Trao \u0111\u1ed5i v\u1ec1 c\u00e1c t\u00ednh n\u0103ng m\u1edbi ho\u1eb7c ch\u01b0\u01a1ng tr\u00ecnh khuy\u1ebfn m\u00e3i<\/p>\n<p>&#8211; Ph\u00e2n t\u00edch m\u00f4 h\u00ecnh s\u1eed d\u1ee5ng v\u00e0 c\u1ea3i thi\u1ec7n d\u1ecbch v\u1ee5<\/p>\n<p>&#8211; \u0110\u1ea3m b\u1ea3o an to\u00e0n v\u00e0 b\u1ea3o m\u1eadt cho n\u1ec1n t\u1ea3ng<\/p>\n<p>&#8211; Tu\u00e2n th\u1ee7 ngh\u0129a v\u1ee5 ph\u00e1p l\u00fd<\/p>\n<h2>&nbsp;<\/h2>\n<h1 class=\"wp-block-heading\">B\u1ea2O V\u1ec6 V\u00c0 L\u01afU TR\u1eee D\u1eee LI\u1ec6U<\/h1>\n<p>Ch\u00fang t\u00f4i th\u1ef1c hi\u1ec7n c\u00e1c bi\u1ec7n ph\u00e1p b\u1ea3o m\u1eadt m\u1ea1nh m\u1ebd bao g\u1ed3m:<\/p>\n<p>&#8211; M\u00e3 h\u00f3a SSL \u0111\u1ec3 truy\u1ec1n d\u1eef li\u1ec7u<\/p>\n<p>&#8211; H\u1ec7 th\u1ed1ng l\u01b0u tr\u1eef d\u1eef li\u1ec7u an to\u00e0n<\/p>\n<p>&#8211; Giao th\u1ee9c ki\u1ec3m so\u00e1t truy c\u1eadp<\/p>\n<p>&#8211; \u0110\u00e1nh gi\u00e1 an ninh th\u01b0\u1eddng xuy\u00ean<\/p>\n<p>&#8211; B\u1ea3o v\u1ec7 v\u1eadt l\u00fd v\u00e0 k\u1ef9 thu\u1eadt<\/p>\n<h2>&nbsp;<\/h2>\n<h1 class=\"wp-block-heading\">CHIA S\u1eba TH\u00d4NG TIN<\/h1>\n<p>M\u1ecdi tranh ch\u1ea5p li\u00ean quan \u0111\u1ebfn quy\u1ec1n ri\u00eang t\u01b0 s\u1ebd tu\u00e2n theo:<\/p>\n<p>&#8211; Lu\u1eadt ph\u00e1p Singapore<\/p>\n<p>&#8211; Quy\u1ec1n t\u00e0i ph\u00e1n c\u1ee7a t\u00f2a \u00e1n Singapore<\/p>\n<p>&#8211; Tr\u1ecdng t\u00e0i theo \u0110i\u1ec1u kho\u1ea3n d\u1ecbch v\u1ee5<\/p>\n<h2>&nbsp;<\/h2>\n<h1 class=\"wp-block-heading\">COOKIE V\u00c0 THEO D\u00d5I<\/h1>\n<p>M\u1ecdi tranh ch\u1ea5p li\u00ean quan \u0111\u1ebfn quy\u1ec1n ri\u00eang t\u01b0 s\u1ebd tu\u00e2n theo:<\/p>\n<p>&#8211; Lu\u1eadt ph\u00e1p Singapore<\/p>\n<p>&#8211; Quy\u1ec1n t\u00e0i ph\u00e1n c\u1ee7a t\u00f2a \u00e1n Singapore<\/p>\n<p>&#8211; Tr\u1ecdng t\u00e0i theo \u0110i\u1ec1u kho\u1ea3n d\u1ecbch v\u1ee5<\/p>\n<h2>&nbsp;<\/h2>\n<h1 class=\"wp-block-heading\">CHUY\u1ec2N D\u1eee LI\u1ec6U QU\u1ed0C T\u1ebe<\/h1>\n<p>D\u1ecbch v\u1ee5 c\u1ee7a ch\u00fang t\u00f4i ho\u1ea1t \u0111\u1ed9ng tr\u00ean to\u00e0n c\u1ea7u. B\u1eb1ng c\u00e1ch s\u1eed d\u1ee5ng D\u1ecbch v\u1ee5 c\u1ee7a ch\u00fang t\u00f4i, b\u1ea1n \u0111\u1ed3ng \u00fd r\u1eb1ng d\u1eef li\u1ec7u c\u1ee7a b\u1ea1n \u0111\u01b0\u1ee3c chuy\u1ec3n \u0111\u1ebfn v\u00e0 x\u1eed l\u00fd t\u1ea1i Singapore v\u00e0 c\u00e1c qu\u1ed1c gia kh\u00e1c. Ch\u00fang t\u00f4i \u0111\u1ea3m b\u1ea3o c\u00e1c bi\u1ec7n ph\u00e1p b\u1ea3o v\u1ec7 ph\u00f9 h\u1ee3p \u0111\u01b0\u1ee3c \u00e1p d\u1ee5ng cho vi\u1ec7c chuy\u1ec3n d\u1eef li\u1ec7u qu\u1ed1c t\u1ebf.  <\/p>\n<h2>&nbsp;<\/h2>\n<h1>QUY\u1ec0N V\u00c0 L\u1ef0A CH\u1eccN C\u1ee6A NG\u01af\u1edcI D\u00d9NG<\/h1>\n<p>B\u1ea1n c\u00f3 quy\u1ec1n:<\/p>\n<p>&#8211; Truy c\u1eadp th\u00f4ng tin c\u00e1 nh\u00e2n c\u1ee7a b\u1ea1n<\/p>\n<p>&#8211; S\u1eeda d\u1eef li\u1ec7u kh\u00f4ng ch\u00ednh x\u00e1c<\/p>\n<p>&#8211; Y\u00eau c\u1ea7u x\u00f3a d\u1eef li\u1ec7u<\/p>\n<p>&#8211; T\u1eeb ch\u1ed1i nh\u1eadn th\u00f4ng tin ti\u1ebfp th\u1ecb<\/p>\n<p>&#8211; Ki\u1ec3m so\u00e1t c\u00e0i \u0111\u1eb7t quy\u1ec1n ri\u00eang t\u01b0<\/p>\n<p>&#8211; Xu\u1ea5t d\u1eef li\u1ec7u c\u1ee7a b\u1ea1n<\/p>\n<p>&#8211; H\u1ea1n ch\u1ebf x\u1eed l\u00fd d\u1eef li\u1ec7u<\/p>\n<h2>&nbsp;<\/h2>\n<h1>KI\u1ec2M SO\u00c1T V\u00c0 TRUY C\u1eacP C\u1ee6A NG\u01af\u1edcI D\u00d9NG<\/h1>\n<p>B\u1ea1n c\u00f3 th\u1ec3:<\/p>\n<p>&#8211; C\u1eadp nh\u1eadt th\u00f4ng tin t\u00e0i kho\u1ea3n b\u1ea5t c\u1ee9 l\u00fac n\u00e0o<\/p>\n<p>&#8211; Thay \u0111\u1ed5i t\u00f9y ch\u1ecdn quy\u1ec1n ri\u00eang t\u01b0<\/p>\n<p>&#8211; T\u1eeb ch\u1ed1i nh\u1eadn th\u00f4ng tin li\u00ean l\u1ea1c<\/p>\n<p>&#8211; Y\u00eau c\u1ea7u x\u00f3a d\u1eef li\u1ec7u<\/p>\n<p>&#8211; Ki\u1ec3m so\u00e1t c\u00e0i \u0111\u1eb7t cookie<\/p>\n<h2>&nbsp;<\/h2>\n<h1>GI\u1eee L\u1ea0I TH\u00d4NG TIN<\/h1>\n<p>Ch\u00fang t\u00f4i l\u01b0u gi\u1eef th\u00f4ng tin c\u1ee7a b\u1ea1n:<\/p>\n<p>&#8211; Trong khi t\u00e0i kho\u1ea3n c\u1ee7a b\u1ea1n \u0111ang ho\u1ea1t \u0111\u1ed9ng<\/p>\n<p>&#8211; Theo nhu c\u1ea7u cung c\u1ea5p d\u1ecbch v\u1ee5<\/p>\n<p>&#8211; Theo y\u00eau c\u1ea7u c\u1ee7a ph\u00e1p lu\u1eadt<\/p>\n<p>&#8211; \u0110\u1ec3 ph\u00f2ng ng\u1eeba gian l\u1eadn<\/p>\n<p>&#8211; Cho m\u1ee5c \u0111\u00edch kinh doanh h\u1ee3p ph\u00e1p<\/p>\n<h2>&nbsp;<\/h2>\n<h1>C\u00c1N B\u1ed8 B\u1ea2O V\u1ec6 D\u1eee LI\u1ec6U<\/h1>\n<p>\u0110\u1ec3 li\u00ean l\u1ea1c v\u1edbi C\u00e1n b\u1ed9 b\u1ea3o v\u1ec7 d\u1eef li\u1ec7u c\u1ee7a ch\u00fang t\u00f4i:<\/p>\n<p>E-mail:<\/p>\n<p>\u0110\u1ecba ch\u1ec9:<\/p>\n<h2>&nbsp;<\/h2>\n<h1>THAY \u0110\u1ed4I CH\u00cdNH S\u00c1CH B\u1ea2O M\u1eacT<\/h1>\n<p>Ch\u00fang t\u00f4i c\u00f3 th\u1ec3 c\u1eadp nh\u1eadt Ch\u00ednh s\u00e1ch b\u1ea3o m\u1eadt n\u00e0y theo \u0111\u1ecbnh k\u1ef3. C\u00e1c b\u1ea3n c\u1eadp nh\u1eadt s\u1ebd \u0111\u01b0\u1ee3c \u0111\u0103ng tr\u00ean n\u1ec1n t\u1ea3ng c\u1ee7a ch\u00fang t\u00f4i v\u1edbi ng\u00e0y c\u00f3 hi\u1ec7u l\u1ef1c \u0111\u00e3 s\u1eeda \u0111\u1ed5i. Vi\u1ec7c ti\u1ebfp t\u1ee5c s\u1eed d\u1ee5ng D\u1ecbch v\u1ee5 c\u1ee7a ch\u00fang t\u00f4i sau khi c\u00f3 thay \u0111\u1ed5i s\u1ebd c\u1ea5u th\u00e0nh s\u1ef1 ch\u1ea5p nh\u1eadn ch\u00ednh s\u00e1ch \u0111\u00e3 c\u1eadp nh\u1eadt.  <\/p>\n<h2>&nbsp;<\/h2>\n<h1>LI\u00caN H\u1ec6 V\u1edaI CH\u00daNG T\u00d4I<\/h1>\n<p>\u0110\u1ed1i v\u1edbi c\u00e1c th\u1eafc m\u1eafc li\u00ean quan \u0111\u1ebfn quy\u1ec1n ri\u00eang t\u01b0:<\/p>\n<p>E-mail:<\/p>\n<p>\u0110\u1ecba ch\u1ec9:<\/p>\n<p>\u0110i\u1ec7n tho\u1ea1i:<\/p>\n<h2>&nbsp;<\/h2>\n<h1>BI\u1ec6N PH\u00c1P AN NINH<\/h1>\n<p>Ch\u00fang t\u00f4i s\u1eed d\u1ee5ng c\u00e1c bi\u1ec7n ph\u00e1p b\u1ea3o m\u1eadt theo ti\u00eau chu\u1ea9n c\u00f4ng nghi\u1ec7p:<\/p>\n<p>&#8211; M\u00e3 h\u00f3a d\u1eef li\u1ec7u nh\u1ea1y c\u1ea3m<\/p>\n<p>&#8211; C\u01a1 s\u1edf h\u1ea1 t\u1ea7ng m\u00e1y ch\u1ee7 an to\u00e0n<\/p>\n<p>&#8211; Ki\u1ec3m tra an ninh th\u01b0\u1eddng xuy\u00ean<\/p>\n<p>&#8211; H\u1ec7 th\u1ed1ng ki\u1ec3m so\u00e1t ra v\u00e0o<\/p>\n<p>&#8211; Quy tr\u00ecnh \u1ee9ng ph\u00f3 s\u1ef1 c\u1ed1<\/p>\n<h2>&nbsp;<\/h2>\n<h1>\u0110I\u1ec0U KHO\u1ea2N \u0110\u1eb6C BI\u1ec6T<\/h1>\n<h2>Tr\u1ebb v\u1ecb th\u00e0nh ni\u00ean<\/h2>\n<p>Ch\u00fang t\u00f4i kh\u00f4ng c\u1ed1 \u00fd thu th\u1eadp th\u00f4ng tin t\u1eeb nh\u1eefng ng\u01b0\u1eddi d\u01b0\u1edbi 18 tu\u1ed5i.<\/p><p><br><\/p>\n<h2>Quy\u1ec1n t\u00e0i ph\u00e1n \u0111\u1eb7c bi\u1ec7t<\/h2>\n<p>&#8211; Singapore: Tu\u00e2n th\u1ee7 c\u00e1c y\u00eau c\u1ea7u c\u1ee7a PDPA<\/p>\n<p>&#8211; Ng\u01b0\u1eddi d\u00f9ng qu\u1ed1c t\u1ebf: Tu\u00e2n theo lu\u1eadt b\u1ea3o v\u1ec7 d\u1eef li\u1ec7u \u0111\u1ecba ph\u01b0\u01a1ng<\/p>\n<p>&#8211; Chuy\u1ec3n ti\u1ec1n xuy\u00ean bi\u00ean gi\u1edbi: \u0110\u01b0\u1ee3c b\u1ea3o v\u1ec7 b\u1eb1ng c\u00e1c bi\u1ec7n ph\u00e1p b\u1ea3o v\u1ec7 th\u00edch h\u1ee3p<\/p><p><br><\/p>\n<h2>Chuy\u1ec3n nh\u01b0\u1ee3ng doanh nghi\u1ec7p<\/h2>\n<p>N\u1ebfu c\u00f4ng ty ch\u00fang t\u00f4i \u0111\u01b0\u1ee3c mua l\u1ea1i ho\u1eb7c s\u00e1p nh\u1eadp, th\u00f4ng tin c\u1ee7a b\u1ea1n c\u00f3 th\u1ec3 \u0111\u01b0\u1ee3c chuy\u1ec3n giao nh\u01b0 m\u1ed9t ph\u1ea7n c\u1ee7a giao d\u1ecbch \u0111\u00f3.<\/p>\n<h2>&nbsp;<\/h2>\n<h1>GI\u1ea2I QUY\u1ebeT TRANH CH\u1ea4P<\/h1>\n<p>M\u1ecdi tranh ch\u1ea5p li\u00ean quan \u0111\u1ebfn quy\u1ec1n ri\u00eang t\u01b0 s\u1ebd tu\u00e2n theo:<\/p>\n<p>&#8211; Lu\u1eadt ph\u00e1p Singapore<\/p>\n<p>&#8211; Quy\u1ec1n t\u00e0i ph\u00e1n c\u1ee7a t\u00f2a \u00e1n Singapore<\/p>\n<p>&#8211; Tr\u1ecdng t\u00e0i theo \u0110i\u1ec1u kho\u1ea3n d\u1ecbch v\u1ee5<\/p>\n<p><br><\/p>\n<p><br><\/p>\n<p><br><\/p>\n<p><\/p>\t\t\t\t\t\t\t\t<\/div>\n\t\t\t\t<\/div>\n\t\t\t\t\t<\/div>\n\t\t\t\t<\/div>\n\t\t\t\t<\/div>\n\t\t","protected":false},"excerpt":{"rendered":"<p>&nbsp; &nbsp; CAM K\u1ebeT C\u1ee6A CH\u00daNG T\u00d4I [T\u00ean N\u1ec1n t\u1ea3ng] (&#8220;N\u1ec1n t\u1ea3ng&#8221;), \u0111\u01b0\u1ee3c \u0111i\u1ec1u h\u00e0nh b\u1edfi [T\u00ean C\u00f4ng ty] (&#8220;C\u00f4ng ty&#8221;) v\u00e0 c\u00e1c c\u00f4ng ty li\u00ean k\u1ebft, t\u00f4n tr\u1ecdng quy\u1ec1n ri\u00eang t\u01b0 c\u1ee7a b\u1ea1n. Ch\u00fang t\u00f4i cam k\u1ebft b\u1ea3o v\u1ec7 quy\u1ec1n ri\u00eang t\u01b0 c\u1ee7a ng\u01b0\u1eddi d\u00f9ng v\u00e0 cung c\u1ea5p tr\u1ea3i nghi\u1ec7m ng\u01b0\u1eddi d\u00f9ng an to\u00e0n [&hellip;]<\/p>\n","protected":false},"author":1,"featured_media":0,"parent":0,"menu_order":0,"comment_status":"closed","ping_status":"closed","template":"","meta":{"_monsterinsights_skip_tracking":false,"_monsterinsights_sitenote_active":false,"_monsterinsights_sitenote_note":"","_monsterinsights_sitenote_category":0,"_uf_show_specific_survey":0,"_uf_disable_surveys":false,"ocean_post_layout":"","ocean_both_sidebars_style":"","ocean_both_sidebars_content_width":0,"ocean_both_sidebars_sidebars_width":0,"ocean_sidebar":"","ocean_second_sidebar":"","ocean_disable_margins":"enable","ocean_add_body_class":"","ocean_shortcode_before_top_bar":"","ocean_shortcode_after_top_bar":"","ocean_shortcode_before_header":"","ocean_shortcode_after_header":"","ocean_has_shortcode":"","ocean_shortcode_after_title":"","ocean_shortcode_before_footer_widgets":"","ocean_shortcode_after_footer_widgets":"","ocean_shortcode_before_footer_bottom":"","ocean_shortcode_after_footer_bottom":"","ocean_display_top_bar":"default","ocean_display_header":"default","ocean_header_style":"","ocean_center_header_left_menu":"","ocean_custom_header_template":"","ocean_custom_logo":0,"ocean_custom_retina_logo":0,"ocean_custom_logo_max_width":0,"ocean_custom_logo_tablet_max_width":0,"ocean_custom_logo_mobile_max_width":0,"ocean_custom_logo_max_height":0,"ocean_custom_logo_tablet_max_height":0,"ocean_custom_logo_mobile_max_height":0,"ocean_header_custom_menu":"","ocean_menu_typo_font_family":"","ocean_menu_typo_font_subset":"","ocean_menu_typo_font_size":0,"ocean_menu_typo_font_size_tablet":0,"ocean_menu_typo_font_size_mobile":0,"ocean_menu_typo_font_size_unit":"px","ocean_menu_typo_font_weight":"","ocean_menu_typo_font_weight_tablet":"","ocean_menu_typo_font_weight_mobile":"","ocean_menu_typo_transform":"","ocean_menu_typo_transform_tablet":"","ocean_menu_typo_transform_mobile":"","ocean_menu_typo_line_height":0,"ocean_menu_typo_line_height_tablet":0,"ocean_menu_typo_line_height_mobile":0,"ocean_menu_typo_line_height_unit":"","ocean_menu_typo_spacing":0,"ocean_menu_typo_spacing_tablet":0,"ocean_menu_typo_spacing_mobile":0,"ocean_menu_typo_spacing_unit":"","ocean_menu_link_color":"","ocean_menu_link_color_hover":"","ocean_menu_link_color_active":"","ocean_menu_link_background":"","ocean_menu_link_hover_background":"","ocean_menu_link_active_background":"","ocean_menu_social_links_bg":"","ocean_menu_social_hover_links_bg":"","ocean_menu_social_links_color":"","ocean_menu_social_hover_links_color":"","ocean_disable_title":"default","ocean_disable_heading":"default","ocean_post_title":"","ocean_post_subheading":"","ocean_post_title_style":"","ocean_post_title_background_color":"","ocean_post_title_background":0,"ocean_post_title_bg_image_position":"","ocean_post_title_bg_image_attachment":"","ocean_post_title_bg_image_repeat":"","ocean_post_title_bg_image_size":"","ocean_post_title_height":0,"ocean_post_title_bg_overlay":0.5,"ocean_post_title_bg_overlay_color":"","ocean_disable_breadcrumbs":"default","ocean_breadcrumbs_color":"","ocean_breadcrumbs_separator_color":"","ocean_breadcrumbs_links_color":"","ocean_breadcrumbs_links_hover_color":"","ocean_display_footer_widgets":"default","ocean_display_footer_bottom":"default","ocean_custom_footer_template":"","ofc_enable_fullscreen":"disable","ofc_fullscreen_speed":0,"ofc_fullscreen_nav":"enable","ofc_fullscreen_nav_pos":"right","ofc_fullscreen_nav_color":"","ofc_fullscreen_nav_tooltip_color":"","ofc_fullscreen_responsive":0,"osh_disable_topbar_sticky":"default","osh_disable_header_sticky":"default","osh_sticky_header_style":"default","osh_sticky_header_effect":"","osh_custom_sticky_logo":0,"osh_custom_retina_sticky_logo":0,"osh_custom_sticky_logo_height":0,"osh_background_color":"","osh_links_color":"","osh_links_hover_color":"","osh_links_active_color":"","osh_links_bg_color":"","osh_links_hover_bg_color":"","osh_links_active_bg_color":"","osh_menu_social_links_color":"","osh_menu_social_hover_links_color":"","jetpack_post_was_ever_published":false,"footnotes":""},"class_list":["post-10531","page","type-page","status-publish","hentry","entry"],"yoast_head":"<!-- This site is optimized with the Yoast SEO plugin v24.9 - https:\/\/yoast.com\/wordpress\/plugins\/seo\/ -->\n<title>Ch\u00ednh s\u00e1ch b\u1ea3o m\u1eadt - BTC Sugar Dating<\/title>\n<meta name=\"robots\" content=\"index, follow, max-snippet:-1, max-image-preview:large, max-video-preview:-1\" \/>\n<link rel=\"canonical\" href=\"https:\/\/www.btcsugardating.com\/vi\/chinh-sach-bao-mat\/\" \/>\n<meta property=\"og:locale\" content=\"vi_VN\" \/>\n<meta property=\"og:type\" content=\"article\" \/>\n<meta property=\"og:title\" content=\"Ch\u00ednh s\u00e1ch b\u1ea3o m\u1eadt - BTC Sugar Dating\" \/>\n<meta property=\"og:description\" content=\"&nbsp; &nbsp; CAM K\u1ebeT C\u1ee6A CH\u00daNG T\u00d4I [T\u00ean N\u1ec1n t\u1ea3ng] (&#8220;N\u1ec1n t\u1ea3ng&#8221;), \u0111\u01b0\u1ee3c \u0111i\u1ec1u h\u00e0nh b\u1edfi [T\u00ean C\u00f4ng ty] (&#8220;C\u00f4ng ty&#8221;) v\u00e0 c\u00e1c c\u00f4ng ty li\u00ean k\u1ebft, t\u00f4n tr\u1ecdng quy\u1ec1n ri\u00eang t\u01b0 c\u1ee7a b\u1ea1n. Ch\u00fang t\u00f4i cam k\u1ebft b\u1ea3o v\u1ec7 quy\u1ec1n ri\u00eang t\u01b0 c\u1ee7a ng\u01b0\u1eddi d\u00f9ng v\u00e0 cung c\u1ea5p tr\u1ea3i nghi\u1ec7m ng\u01b0\u1eddi d\u00f9ng an to\u00e0n [&hellip;]\" \/>\n<meta property=\"og:url\" content=\"https:\/\/www.btcsugardating.com\/vi\/chinh-sach-bao-mat\/\" \/>\n<meta property=\"og:site_name\" content=\"BTC Sugar Dating\" \/>\n<meta property=\"article:modified_time\" content=\"2025-07-04T01:59:14+00:00\" \/>\n<meta property=\"og:image\" content=\"https:\/\/i0.wp.com\/www.btcsugardating.com\/wp-content\/uploads\/2025\/04\/BTCSugarDating.png?fit=557%2C64&ssl=1\" \/>\n\t<meta property=\"og:image:width\" content=\"557\" \/>\n\t<meta property=\"og:image:height\" content=\"64\" \/>\n\t<meta property=\"og:image:type\" content=\"image\/png\" \/>\n<meta name=\"twitter:card\" content=\"summary_large_image\" \/>\n<meta name=\"twitter:site\" content=\"@BTCSugarDating\" \/>\n<meta name=\"twitter:label1\" content=\"Est. reading time\" \/>\n\t<meta name=\"twitter:data1\" content=\"9 minutes\" \/>\n<script type=\"application\/ld+json\" class=\"yoast-schema-graph\">{\"@context\":\"https:\/\/schema.org\",\"@graph\":[{\"@type\":\"WebPage\",\"@id\":\"https:\/\/www.btcsugardating.com\/vi\/chinh-sach-bao-mat\/\",\"url\":\"https:\/\/www.btcsugardating.com\/vi\/chinh-sach-bao-mat\/\",\"name\":\"Ch\u00ednh s\u00e1ch b\u1ea3o m\u1eadt - BTC Sugar Dating\",\"isPartOf\":{\"@id\":\"https:\/\/www.btcsugardating.com\/#website\"},\"datePublished\":\"2025-01-08T05:11:35+00:00\",\"dateModified\":\"2025-07-04T01:59:14+00:00\",\"breadcrumb\":{\"@id\":\"https:\/\/www.btcsugardating.com\/vi\/chinh-sach-bao-mat\/#breadcrumb\"},\"inLanguage\":\"vi-VN\",\"potentialAction\":[{\"@type\":\"ReadAction\",\"target\":[\"https:\/\/www.btcsugardating.com\/vi\/chinh-sach-bao-mat\/\"]}]},{\"@type\":\"BreadcrumbList\",\"@id\":\"https:\/\/www.btcsugardating.com\/vi\/chinh-sach-bao-mat\/#breadcrumb\",\"itemListElement\":[{\"@type\":\"ListItem\",\"position\":1,\"name\":\"Home\",\"item\":\"https:\/\/www.btcsugardating.com\/vi\/hen-ho-voi-sugar-daddy-cao-cap-voi-su-rieng-tu-va-su-giau-co-da-duoc-xac-minh\/\"},{\"@type\":\"ListItem\",\"position\":2,\"name\":\"Ch\u00ednh s\u00e1ch b\u1ea3o m\u1eadt\"}]},{\"@type\":\"WebSite\",\"@id\":\"https:\/\/www.btcsugardating.com\/#website\",\"url\":\"https:\/\/www.btcsugardating.com\/\",\"name\":\"BTC Sugar Dating\",\"description\":\"Premium Sugar Daddy Dating with Privacy &amp; Verified Wealth\",\"publisher\":{\"@id\":\"https:\/\/www.btcsugardating.com\/#organization\"},\"potentialAction\":[{\"@type\":\"SearchAction\",\"target\":{\"@type\":\"EntryPoint\",\"urlTemplate\":\"https:\/\/www.btcsugardating.com\/?s={search_term_string}\"},\"query-input\":{\"@type\":\"PropertyValueSpecification\",\"valueRequired\":true,\"valueName\":\"search_term_string\"}}],\"inLanguage\":\"vi-VN\"},{\"@type\":\"Organization\",\"@id\":\"https:\/\/www.btcsugardating.com\/#organization\",\"name\":\"btc holders\",\"url\":\"https:\/\/www.btcsugardating.com\/\",\"logo\":{\"@type\":\"ImageObject\",\"inLanguage\":\"vi-VN\",\"@id\":\"https:\/\/www.btcsugardating.com\/#\/schema\/logo\/image\/\",\"url\":\"https:\/\/i0.wp.com\/www.btcsugardating.com\/wp-content\/uploads\/2025\/01\/cropped-1BTCHoldersClub.png?fit=557%2C51&ssl=1\",\"contentUrl\":\"https:\/\/i0.wp.com\/www.btcsugardating.com\/wp-content\/uploads\/2025\/01\/cropped-1BTCHoldersClub.png?fit=557%2C51&ssl=1\",\"width\":557,\"height\":51,\"caption\":\"btc holders\"},\"image\":{\"@id\":\"https:\/\/www.btcsugardating.com\/#\/schema\/logo\/image\/\"},\"sameAs\":[\"https:\/\/x.com\/BTCSugarDating\"]}]}<\/script>\n<!-- \/ Yoast SEO plugin. -->","yoast_head_json":{"title":"Ch\u00ednh s\u00e1ch b\u1ea3o m\u1eadt - BTC Sugar Dating","robots":{"index":"index","follow":"follow","max-snippet":"max-snippet:-1","max-image-preview":"max-image-preview:large","max-video-preview":"max-video-preview:-1"},"canonical":"https:\/\/www.btcsugardating.com\/vi\/chinh-sach-bao-mat\/","og_locale":"vi_VN","og_type":"article","og_title":"Ch\u00ednh s\u00e1ch b\u1ea3o m\u1eadt - BTC Sugar Dating","og_description":"&nbsp; &nbsp; CAM K\u1ebeT C\u1ee6A CH\u00daNG T\u00d4I [T\u00ean N\u1ec1n t\u1ea3ng] (&#8220;N\u1ec1n t\u1ea3ng&#8221;), \u0111\u01b0\u1ee3c \u0111i\u1ec1u h\u00e0nh b\u1edfi [T\u00ean C\u00f4ng ty] (&#8220;C\u00f4ng ty&#8221;) v\u00e0 c\u00e1c c\u00f4ng ty li\u00ean k\u1ebft, t\u00f4n tr\u1ecdng quy\u1ec1n ri\u00eang t\u01b0 c\u1ee7a b\u1ea1n. Ch\u00fang t\u00f4i cam k\u1ebft b\u1ea3o v\u1ec7 quy\u1ec1n ri\u00eang t\u01b0 c\u1ee7a ng\u01b0\u1eddi d\u00f9ng v\u00e0 cung c\u1ea5p tr\u1ea3i nghi\u1ec7m ng\u01b0\u1eddi d\u00f9ng an to\u00e0n [&hellip;]","og_url":"https:\/\/www.btcsugardating.com\/vi\/chinh-sach-bao-mat\/","og_site_name":"BTC Sugar Dating","article_modified_time":"2025-07-04T01:59:14+00:00","og_image":[{"width":557,"height":64,"url":"https:\/\/i0.wp.com\/www.btcsugardating.com\/wp-content\/uploads\/2025\/04\/BTCSugarDating.png?fit=557%2C64&ssl=1","type":"image\/png"}],"twitter_card":"summary_large_image","twitter_site":"@BTCSugarDating","twitter_misc":{"Est. reading time":"9 minutes"},"schema":{"@context":"https:\/\/schema.org","@graph":[{"@type":"WebPage","@id":"https:\/\/www.btcsugardating.com\/vi\/chinh-sach-bao-mat\/","url":"https:\/\/www.btcsugardating.com\/vi\/chinh-sach-bao-mat\/","name":"Ch\u00ednh s\u00e1ch b\u1ea3o m\u1eadt - BTC Sugar Dating","isPartOf":{"@id":"https:\/\/www.btcsugardating.com\/#website"},"datePublished":"2025-01-08T05:11:35+00:00","dateModified":"2025-07-04T01:59:14+00:00","breadcrumb":{"@id":"https:\/\/www.btcsugardating.com\/vi\/chinh-sach-bao-mat\/#breadcrumb"},"inLanguage":"vi-VN","potentialAction":[{"@type":"ReadAction","target":["https:\/\/www.btcsugardating.com\/vi\/chinh-sach-bao-mat\/"]}]},{"@type":"BreadcrumbList","@id":"https:\/\/www.btcsugardating.com\/vi\/chinh-sach-bao-mat\/#breadcrumb","itemListElement":[{"@type":"ListItem","position":1,"name":"Home","item":"https:\/\/www.btcsugardating.com\/vi\/hen-ho-voi-sugar-daddy-cao-cap-voi-su-rieng-tu-va-su-giau-co-da-duoc-xac-minh\/"},{"@type":"ListItem","position":2,"name":"Ch\u00ednh s\u00e1ch b\u1ea3o m\u1eadt"}]},{"@type":"WebSite","@id":"https:\/\/www.btcsugardating.com\/#website","url":"https:\/\/www.btcsugardating.com\/","name":"BTC Sugar Dating","description":"Premium Sugar Daddy Dating with Privacy &amp; Verified Wealth","publisher":{"@id":"https:\/\/www.btcsugardating.com\/#organization"},"potentialAction":[{"@type":"SearchAction","target":{"@type":"EntryPoint","urlTemplate":"https:\/\/www.btcsugardating.com\/?s={search_term_string}"},"query-input":{"@type":"PropertyValueSpecification","valueRequired":true,"valueName":"search_term_string"}}],"inLanguage":"vi-VN"},{"@type":"Organization","@id":"https:\/\/www.btcsugardating.com\/#organization","name":"btc holders","url":"https:\/\/www.btcsugardating.com\/","logo":{"@type":"ImageObject","inLanguage":"vi-VN","@id":"https:\/\/www.btcsugardating.com\/#\/schema\/logo\/image\/","url":"https:\/\/i0.wp.com\/www.btcsugardating.com\/wp-content\/uploads\/2025\/01\/cropped-1BTCHoldersClub.png?fit=557%2C51&ssl=1","contentUrl":"https:\/\/i0.wp.com\/www.btcsugardating.com\/wp-content\/uploads\/2025\/01\/cropped-1BTCHoldersClub.png?fit=557%2C51&ssl=1","width":557,"height":51,"caption":"btc holders"},"image":{"@id":"https:\/\/www.btcsugardating.com\/#\/schema\/logo\/image\/"},"sameAs":["https:\/\/x.com\/BTCSugarDating"]}]}},"jetpack_sharing_enabled":true,"_links":{"self":[{"href":"https:\/\/www.btcsugardating.com\/vi\/wp-json\/wp\/v2\/pages\/10531","targetHints":{"allow":["GET"]}}],"collection":[{"href":"https:\/\/www.btcsugardating.com\/vi\/wp-json\/wp\/v2\/pages"}],"about":[{"href":"https:\/\/www.btcsugardating.com\/vi\/wp-json\/wp\/v2\/types\/page"}],"author":[{"embeddable":true,"href":"https:\/\/www.btcsugardating.com\/vi\/wp-json\/wp\/v2\/users\/1"}],"replies":[{"embeddable":true,"href":"https:\/\/www.btcsugardating.com\/vi\/wp-json\/wp\/v2\/comments?post=10531"}],"version-history":[{"count":1,"href":"https:\/\/www.btcsugardating.com\/vi\/wp-json\/wp\/v2\/pages\/10531\/revisions"}],"predecessor-version":[{"id":10532,"href":"https:\/\/www.btcsugardating.com\/vi\/wp-json\/wp\/v2\/pages\/10531\/revisions\/10532"}],"wp:attachment":[{"href":"https:\/\/www.btcsugardating.com\/vi\/wp-json\/wp\/v2\/media?parent=10531"}],"curies":[{"name":"wp","href":"https:\/\/api.w.org\/{rel}","templated":true}]}}